{"id":1380,"date":"2025-01-31T11:27:21","date_gmt":"2025-01-31T10:27:21","guid":{"rendered":"https:\/\/www.dolneplachtince.sk\/wp\/?page_id=1380"},"modified":"2025-01-31T11:27:22","modified_gmt":"2025-01-31T10:27:22","slug":"podrobnosti","status":"publish","type":"page","link":"https:\/\/www.dolneplachtince.sk\/wp\/navstevnik\/podujatia\/tradicna-vinarska-sutaz\/podrobnosti\/","title":{"rendered":"podrobnosti"},"content":{"rendered":"<p><strong>Organiz\u00e1cia s\u00fa\u0165a\u017ee a z\u00e1sady hodnotenia v\u00edn<\/strong><\/p>\n<div>Organiz\u00e1tori s\u00fa\u0165a\u017ee zaeviduj\u00fa prihl\u00e1\u0161ky a doplnia pomocn\u00e9<\/div>\n<div>\u00fadaje.\u00a0 Po ukon\u010den\u00ed pr\u00edjmu vzoriek nasleduje odrodov\u00e9 zoradenie vzoriek v zmysle platn\u00fdch postupov pri odbornej degust\u00e1cii. A\u017e po \u00faplnom zoraden\u00ed sa vzork\u00e1m pridelia tzv. s\u00fa\u0165a\u017en\u00e9 \u010d\u00edsla vzoriek, ktor\u00e9 odpovedaj\u00fa poradiu predkladania odbornej degusta\u010dnej komisii.<\/div>\n<div>\u00a0 \u00a0 \u00a0 \u00a0Priebeh hodnotenia v\u00edn riadi a dozoruje odborn\u00fd garant s\u00fa\u0165a\u017ee.<\/div>\n<div>V jeho pr\u00e1vomoci je okrem in\u00e9ho mo\u017enos\u0165 povoli\u0165 opakovan\u00e9 prehodnotenie vzorky v\u00edna. Pokia\u013e s\u00fa zisten\u00e9 pochybenia, m\u00f4\u017ee zmeni\u0165 poradie v hodnoten\u00ed v\u00edn pokia\u013e zv\u00e1\u017ei, \u017ee vzorka je zaraden\u00e1 nespr\u00e1vne. Nominuje degust\u00e1torov na v\u00fdber \u0161ampi\u00f3nov s\u00fa\u0165a\u017ee.<\/div>\n<div>\u00a0 \u00a0Organiza\u010dn\u00fd v\u00fdbor prizve za \u010dlenov odbornej degusta\u010dnej komisie potrebn\u00fd po\u010det degust\u00e1torov. V z\u00e1vislosti od mo\u017enost\u00ed a po\u010dtu vzoriek sa vytvor\u00ed potrebn\u00fd po\u010det komisi\u00ed. Ka\u017ed\u00e1 komisia potom degustuje ucelen\u00fa skupinu vzoriek, pri\u010dom podmienkou pridelenia vzoriek jednotliv\u00fdm komisi\u00e1m je odrodov\u00e1 kategoriz\u00e1cia v\u00edn. Z\u00e1kladnou z\u00e1sadou pri samotnom priebehu hodnotenia je anonymita. \u010clenom komisie sa deklaruje len kateg\u00f3ria a ro\u010dn\u00edk. Vzorky sa predkladaj\u00fa plne zahalen\u00e9, bez mo\u017enosti identifik\u00e1cie. V\u00edna na degust\u00e1ciu sa predkladaj\u00fa osobitne a v optim\u00e1lnom \u010dasovom slede. Predkladanie vzoriek re\u0161pektuje postupnos\u0165 odrodov\u00e9ho zoradenia z h\u013eadiska charakteru jednotliv\u00fdch v\u00edn. Za\u010d\u00edna sa bielymi v\u00ednami, ru\u017eov\u00fdmi a \u010derven\u00fdmi, od najmlad\u0161\u00edch k najstar\u0161\u00edm. Od such\u00fdch k slad\u0161\u00edm. Pred za\u010diatkom hodnotenia v\u00edn jednotliv\u00fdch kateg\u00f3ri\u00ed sa porotcom predstav\u00ed kalibra\u010dn\u00e1 vzorka, tzv. \u201cnult\u00e1\u201d, ktor\u00e1 nepatr\u00ed k s\u00fa\u0165a\u017en\u00fdm vzork\u00e1m. S\u00fa\u0165a\u017en\u00e9 v\u00edna sa k pos\u00fadeniu predkladaj\u00fa pri nasledovn\u00fdch teplot\u00e1ch:<\/div>\n<div>biele v\u00edna &#8211; 10 &#8211; 12 \u00b0C<br \/>\nru\u017eov\u00e9 v\u00edna &#8211; 12 &#8211; 14 \u00b0C<br \/>\n\u010derven\u00e9 v\u00edna &#8211; 15 &#8211; 20 \u00b0C<\/div>\n<p><strong>100 bodov\u00fd syst\u00e9m<\/strong><\/p>\n<p>\u00edna bud\u00fa hodnoten\u00e9 100 bodov\u00fdm syst\u00e9mom, ktor\u00fd odpor\u00fa\u010da Medzin\u00e1rodn\u00e1 organiz\u00e1cia pre vini\u010d a v\u00edno (O.I.V.) so s\u00eddlom v Par\u00ed\u017ei. \u010clenovia komisie hodnotia predlo\u017een\u00e9 anonymn\u00e9 vzorky samostatne v tichosti, bez komentovania ak\u00fdchko\u013evek subjekt\u00edvnych dojmov, ktor\u00e9 z\u00edskali v priebehu hodnotenia predlo\u017een\u00fdch vzoriek v\u00edna.<br \/>\nDegustovan\u00e9 vzorky bud\u00fa hodnoten\u00e9 pod\u013ea s\u00fa\u0165a\u017en\u00fdch kateg\u00f3ri\u00ed<br \/>\na pod\u013ea v\u0161eobecn\u00fdch z\u00e1sad senzorick\u00e9ho hodnotenia v\u00edn. V\u00fdslednou zn\u00e1mkou hodnoten\u00e9ho v\u00edna bude \u010d\u00edseln\u00fd \u00fadaj, ktor\u00fd vz\u00edde z vypo\u010d\u00edtan\u00e9ho aritmetick\u00e9ho priemeru bodovania \u010dlenov komisie, po elimin\u00e1cii hodnoten\u00ed odchy\u013euj\u00facich sa o 7 a viac bodov od priemeru.<\/p>\n<p>Hodnot\u00ed sa:<\/p>\n<p>vzh\u013ead (\u010d\u00edros\u0165 &#8211; max. 5b., kvalita &#8211; max. 10b.)<br \/>\nv\u00f4\u0148a (intenzia &#8211; max. 8b., jemnos\u0165 &#8211; max. 6b., kvalita &#8211; max. 16b.)<br \/>\nchu\u0165 (intenzia &#8211; max. 8b., jemnos\u0165 &#8211; max. 6b., kvalita &#8211; max. 22b.,<br \/>\nperzistencia &#8211; max. 8b.)<br \/>\ncelkov\u00fd dojem (max. 11b.)<\/p>\n<p>Bodovac\u00ed h\u00e1rok, ktor\u00fd sl\u00fa\u017ei degust\u00e1torovi k v\u00fdpo\u010dtu hodnotenia vzorky:<\/p>\n<p><a href=\"https:\/\/www.dolneplachtince.sk\/wp\/wp-content\/uploads\/2017\/01\/bodovaci_harok.png\"><br \/>\n<\/a><a href=\"https:\/\/www.dolneplachtince.sk\/wp\/wp-content\/uploads\/2017\/01\/bodovaci_harok.png\" target=\"_blank\" rel=\"noopener noreferrer\"><img loading=\"lazy\" decoding=\"async\" class=\"alignleft wp-image-1023 size-medium\" src=\"https:\/\/www.dolneplachtince.sk\/wp\/wp-content\/uploads\/2017\/01\/bodovaci_harok-300x212.png\" width=\"300\" height=\"212\" srcset=\"https:\/\/www.dolneplachtince.sk\/wp\/wp-content\/uploads\/2017\/01\/bodovaci_harok-300x212.png 300w, https:\/\/www.dolneplachtince.sk\/wp\/wp-content\/uploads\/2017\/01\/bodovaci_harok-768x543.png 768w, https:\/\/www.dolneplachtince.sk\/wp\/wp-content\/uploads\/2017\/01\/bodovaci_harok.png 842w\" sizes=\"auto, (max-width: 300px) 100vw, 300px\" \/><\/a><\/p>\n<p>Na stiahnutie:<\/p>\n<p><a href=\"https:\/\/www.dolneplachtince.sk\/wp\/wp-content\/uploads\/2017\/01\/bodovaci_harok.png\" target=\"_blank\" rel=\"noopener noreferrer\"><u><span style=\"color: #0066cc;\">bodovac\u00ed h\u00e1rok.png<\/span><\/u><\/a><\/p>\n<p><a href=\"https:\/\/www.dolneplachtince.sk\/wp\/wp-content\/uploads\/2024\/01\/pomocka_nazov_vzorky.pdf\">pomocka_nazov_vzorky.pdf<\/a><\/p>\n<p>&nbsp;<\/p>\n<p>&nbsp;<\/p>\n<p>&nbsp;<\/p>\n<p>&nbsp;<\/p>\n<p><strong>Ude\u013eovanie hlavn\u00fdch ocenen\u00ed<\/strong><br \/>\nve\u013ek\u00e1 zlat\u00e1 medaila : 92 &#8211; 100 bodov,<br \/>\nzlat\u00e1 medaila: 88 &#8211; 91,99 bodov,<br \/>\nstrieborn\u00e1 medaila: 84 &#8211; 87,99 bodov,<br \/>\nbronzov\u00e1 medaila: 80 &#8211; 83,99 bodov,<br \/>\n<strong>\u0161ampi\u00f3n, 2.,3. miesto<\/strong>: 3 najvy\u0161\u0161ie ohodnoten\u00e9 v\u00edna<br \/>\nv r\u00e1mci ka\u017edej kateg\u00f3rie s min. po\u010dtom vzoriek 10,<br \/>\n<strong>cena starostu obce<\/strong>: udelenie ceny v kompetencii starostu obce,<br \/>\n<strong>cena Milana Toldyho, zakladate\u013ea s\u00fa\u0165a\u017ee<\/strong>: \u0161peci\u00e1lna cena.<\/p>\n<p>V pr\u00edpade rovnosti po\u010dtu bodov pri ur\u010dovan\u00ed prv\u00fdch troch miest,<br \/>\nur\u010d\u00ed sa poradie pod\u013ea bodov, ktor\u00e9 by v\u00edno z\u00edskalo, keby sa nevy\u0161krtali hodnotenia odchy\u013euj\u00face sa od priemeru.<\/p>\n<p><strong>Rozstrel<\/strong><br \/>\nRozstrelom sa vyberaj\u00fa \u0161ampi\u00f3ni kateg\u00f3ri\u00ed, ktor\u00e9 nie s\u00fa degustovan\u00e9 jedinou komisiou, ale pre ve\u013ek\u00fd po\u010det vzoriek kateg\u00f3riu hodnot\u00ed viac komisi\u00ed. D\u00f4sledkom toho je mo\u017en\u00e1 disproporcia v hodnoten\u00ed jednotliv\u00fdch komisi\u00ed a tak pr\u00e1ve rozstrel je \u00fa\u010dinn\u00e1 met\u00f3da ako vybra\u0165 najlep\u0161ie v\u00edno z najlep\u0161\u00edch v\u00edn jednotliv\u00fdch komisi\u00ed.<\/p>\n","protected":false},"excerpt":{"rendered":"<p>Organiz\u00e1cia s\u00fa\u0165a\u017ee a z\u00e1sady hodnotenia v\u00edn Organiz\u00e1tori s\u00fa\u0165a\u017ee zaeviduj\u00fa prihl\u00e1\u0161ky a doplnia pomocn\u00e9 \u00fadaje.\u00a0 Po ukon\u010den\u00ed pr\u00edjmu vzoriek nasleduje odrodov\u00e9 zoradenie vzoriek v zmysle platn\u00fdch postupov pri odbornej degust\u00e1cii. A\u017e po \u00faplnom zoraden\u00ed sa vzork\u00e1m pridelia tzv. s\u00fa\u0165a\u017en\u00e9 \u010d\u00edsla vzoriek, ktor\u00e9 odpovedaj\u00fa poradiu predkladania odbornej degusta\u010dnej komisii. \u00a0 \u00a0 \u00a0 \u00a0Priebeh hodnotenia v\u00edn riadi a dozoruje odborn\u00fd garant s\u00fa\u0165a\u017ee. V [&#8230;]<\/p>\n","protected":false},"author":2,"featured_media":0,"parent":1372,"menu_order":0,"comment_status":"closed","ping_status":"closed","template":"","meta":{"spay_email":"","footnotes":""},"categories":[17],"tags":[190,141],"class_list":["post-1380","page","type-page","status-publish","hentry","category-navstevnik","tag-degustacia-vin","tag-tradicna-vinarska-sutaz"],"jetpack_sharing_enabled":true,"jetpack-related-posts":[{"id":1374,"url":"https:\/\/www.dolneplachtince.sk\/wp\/navstevnik\/podujatia\/tradicna-vinarska-sutaz\/aktualne\/","url_meta":{"origin":1380,"position":0},"title":"aktu\u00e1lne inform\u00e1cie","date":"6. febru\u00e1ra 2026","format":false,"excerpt":"V\u00e1\u017een\u00ed priatelia! Dvadsiaty siedmy kr\u00e1t usporad\u00favame pre v\u0161etk\u00fdch V\u00e1s, tradi\u010dn\u00fa vin\u00e1rsku s\u00fa\u0165a\u017e \u201cPlachtince\u201d, na ktor\u00fa si V\u00e1s dovo\u013eujeme srde\u010dne pozva\u0165. Na\u0161im cie\u013eom od sam\u00e9ho vzniku s\u00fa\u0165a\u017ee je predstavenie v\u00edn a vin\u00e1rov z okresu Ve\u013ek\u00fd Krt\u00ed\u0161 i \u0161ir\u0161ieho okolia a zachovanie vin\u00e1rskej trad\u00edcie vzbuden\u00edm z\u00e1ujmu o vinohradn\u00edctvo a vin\u00e1rstvo. Term\u00edn verejnej\u2026","rel":"","context":"V &quot;N\u00c1V\u0160TEVN\u00cdK&quot;","img":{"alt_text":"","src":"","width":0,"height":0},"classes":[]},{"id":1372,"url":"https:\/\/www.dolneplachtince.sk\/wp\/navstevnik\/podujatia\/tradicna-vinarska-sutaz\/","url_meta":{"origin":1380,"position":1},"title":"Tradi\u010dn\u00e1 vin\u00e1rska s\u00fa\u0165a\u017e","date":"17. janu\u00e1ra 2018","format":false,"excerpt":"U\u017e od nepam\u00e4ti sa v\u00edno pova\u017euje za v\u00fdnimo\u010dn\u00fd n\u00e1poj, ktor\u00e9mu u\u017e v starovek\u00fdch civiliz\u00e1ci\u00e1ch pripisovali bo\u017esk\u00fd p\u00f4vod. Tento lahodn\u00fd mok in\u0161piroval jeho zn\u00e1mych i menej zn\u00e1mych milovn\u00edkov na mno\u017estvo m\u00fadrych kon\u0161tatovan\u00ed. Ve\u010f kto by nepoznal IN VINO VERITAS \u2013 vo v\u00edne je pravda \u010di VINA DANT ANIMOS \u2013 v\u00edno dod\u00e1va\u2026","rel":"","context":"V &quot;N\u00c1V\u0160TEVN\u00cdK&quot;","img":{"alt_text":"","src":"","width":0,"height":0},"classes":[]},{"id":1755,"url":"https:\/\/www.dolneplachtince.sk\/wp\/podnikatel\/verejne-sutaze\/vybudovanie-kameroveho-systemu-v-obci-dolne-plachtince\/","url_meta":{"origin":1380,"position":2},"title":"Vybudovanie kamerov\u00e9ho syst\u00e9mu v obci Doln\u00e9 Plachtince","date":"12. septembra 2018","format":false,"excerpt":"Zverej\u0148ujeme v\u00fdzvu na predkladanie cenov\u00fdch pon\u00fak v zmysle \u00a7 117 z\u00e1kona \u010d. 343\/2015 Z.z. o verejnom obstar\u00e1van\u00ed. Predmetom z\u00e1kazky je vybudovanie kamerov\u00e9ho syst\u00e9mu v obci Doln\u00e9 Plachtince. V\u00fdzva na predkladanie cenov\u00fdch pon\u00fak","rel":"","context":"V &quot;Oznamy&quot;","img":{"alt_text":"","src":"","width":0,"height":0},"classes":[]},{"id":565,"url":"https:\/\/www.dolneplachtince.sk\/wp\/podnikatel\/verejne-sutaze\/","url_meta":{"origin":1380,"position":3},"title":"Verejn\u00e9 s\u00fa\u0165a\u017ee","date":"20. novembra 2016","format":false,"excerpt":"Rekon\u0161trukcia nevyu\u017e\u00edvan\u00e9ho objektu v obci na podnikate\u013esk\u00fa \u010dinnos\u0165 Vybudovanie kamerov\u00e9ho syst\u00e9mu Rekon\u0161trukcia parkoviska pri autobusovej zast\u00e1vke","rel":"","context":"V &quot;PODNIKATE\u013d&quot;","img":{"alt_text":"","src":"","width":0,"height":0},"classes":[]},{"id":1250,"url":"https:\/\/www.dolneplachtince.sk\/wp\/podnikatel\/verejne-sutaze\/viacucelove-sportovisko-dolne-plachtince\/","url_meta":{"origin":1380,"position":4},"title":"Viac\u00fa\u010delov\u00e9 \u0161portovisko Doln\u00e9 Plachtince","date":"15. novembra 2017","format":false,"excerpt":"V\u00fdzva na predlo\u017eenie cenov\u00fdch pon\u00fak Predmet z\u00e1kazky: z\u00e1kazka na uskuto\u010dnenie stavebn\u00fdch pr\u00e1c. Podrobn\u00fd opis predmetu z\u00e1kazky je uveden\u00fd v s\u00fa\u0165a\u017en\u00fdch podkladoch a v ich pr\u00edloh\u00e1ch N\u00e1zov Z\u00e1kazky: Viac\u00fa\u010delov\u00e9 \u0161portovisko Doln\u00e9 Plachtince Lehota na predkladanie cenov\u00fdch pon\u00fak: 27.11.2017 o 10:00 hod. Postup: v zmysle \u00a7 117 z\u00e1kona \u010d. 343\/2015 Z. z.\u2026","rel":"","context":"V &quot;Oznamy&quot;","img":{"alt_text":"","src":"","width":0,"height":0},"classes":[]},{"id":2284,"url":"https:\/\/www.dolneplachtince.sk\/wp\/podnikatel\/verejne-sutaze\/dolne-plachtince-chodniky-chodnik-f\/","url_meta":{"origin":1380,"position":5},"title":"Doln\u00e9 Plachtince &#8211; chodn\u00edky &#8211; chodn\u00edk F","date":"18. decembra 2019","format":false,"excerpt":"Zverej\u0148ujeme v\u00fdzvu na predkladanie cenov\u00fdch pon\u00fak v zmysle \u00a7 117 z\u00e1kona \u010d. 343\/2015 Z.z. o verejnom obstar\u00e1van\u00ed. Predmetom z\u00e1kazky je vybudovanie chodn\u00edka \"Doln\u00e9 Plachtince - chodn\u00edky - chodn\u00edk F\". V\u00fdzva na predkladanie pon\u00fak pdf V\u00fdzva na predkladanie pon\u00fak docx Pr\u00edloha \u010d. 1 Projektov\u00e1 dokument\u00e1cia vr\u00e1tane V\u00fdkazu V\u00fdmer Pr\u00edloha \u010d. 2\u2026","rel":"","context":"V &quot;Oznamy&quot;","img":{"alt_text":"","src":"","width":0,"height":0},"classes":[]}],"jetpack_likes_enabled":true,"_links":{"self":[{"href":"https:\/\/www.dolneplachtince.sk\/wp\/wp-json\/wp\/v2\/pages\/1380","targetHints":{"allow":["GET"]}}],"collection":[{"href":"https:\/\/www.dolneplachtince.sk\/wp\/wp-json\/wp\/v2\/pages"}],"about":[{"href":"https:\/\/www.dolneplachtince.sk\/wp\/wp-json\/wp\/v2\/types\/page"}],"author":[{"embeddable":true,"href":"https:\/\/www.dolneplachtince.sk\/wp\/wp-json\/wp\/v2\/users\/2"}],"replies":[{"embeddable":true,"href":"https:\/\/www.dolneplachtince.sk\/wp\/wp-json\/wp\/v2\/comments?post=1380"}],"version-history":[{"count":7,"href":"https:\/\/www.dolneplachtince.sk\/wp\/wp-json\/wp\/v2\/pages\/1380\/revisions"}],"predecessor-version":[{"id":5125,"href":"https:\/\/www.dolneplachtince.sk\/wp\/wp-json\/wp\/v2\/pages\/1380\/revisions\/5125"}],"up":[{"embeddable":true,"href":"https:\/\/www.dolneplachtince.sk\/wp\/wp-json\/wp\/v2\/pages\/1372"}],"wp:attachment":[{"href":"https:\/\/www.dolneplachtince.sk\/wp\/wp-json\/wp\/v2\/media?parent=1380"}],"wp:term":[{"taxonomy":"category","embeddable":true,"href":"https:\/\/www.dolneplachtince.sk\/wp\/wp-json\/wp\/v2\/categories?post=1380"},{"taxonomy":"post_tag","embeddable":true,"href":"https:\/\/www.dolneplachtince.sk\/wp\/wp-json\/wp\/v2\/tags?post=1380"}],"curies":[{"name":"wp","href":"https:\/\/api.w.org\/{rel}","templated":true}]}}