{"id":2284,"date":"2019-12-18T16:57:08","date_gmt":"2019-12-18T15:57:08","guid":{"rendered":"https:\/\/www.dolneplachtince.sk\/wp\/?page_id=2284"},"modified":"2020-01-07T08:55:16","modified_gmt":"2020-01-07T07:55:16","slug":"dolne-plachtince-chodniky-chodnik-f","status":"publish","type":"page","link":"https:\/\/www.dolneplachtince.sk\/wp\/podnikatel\/verejne-sutaze\/dolne-plachtince-chodniky-chodnik-f\/","title":{"rendered":"Doln\u00e9 Plachtince &#8211; chodn\u00edky &#8211; chodn\u00edk F"},"content":{"rendered":"<p>Zverej\u0148ujeme v\u00fdzvu na predkladanie cenov\u00fdch pon\u00fak v zmysle \u00a7 117 z\u00e1kona \u010d. 343\/2015 Z.z. o verejnom obstar\u00e1van\u00ed.<br \/>\nPredmetom z\u00e1kazky je vybudovanie chodn\u00edka &#8222;Doln\u00e9 Plachtince &#8211; chodn\u00edky &#8211; chodn\u00edk F&#8220;.<\/p>\n<p><a href=\"https:\/\/www.dolneplachtince.sk\/wp\/wp-content\/uploads\/2019\/12\/V\u00fdzva-na-predkladanie-pon\u00fak.pdf\">V\u00fdzva na predkladanie pon\u00fak pdf<\/a><br \/>\n<a href=\"https:\/\/www.dolneplachtince.sk\/wp\/wp-content\/uploads\/2019\/12\/V\u00fdzva-na-predkladanie-pon\u00fak.docx\">V\u00fdzva na predkladanie pon\u00fak docx<\/a><\/p>\n<p><a href=\"https:\/\/www.dolneplachtince.sk\/wp\/wp-content\/uploads\/2019\/12\/Pr\u00edloha-\u010d.-1-Projektov\u00e1-dokument\u00e1cia-vr\u00e1tane-V\u00fdkazu-V\u00fdmer.zip\">Pr\u00edloha \u010d. 1 Projektov\u00e1 dokument\u00e1cia vr\u00e1tane V\u00fdkazu V\u00fdmer<\/a><br \/>\n<a href=\"https:\/\/www.dolneplachtince.sk\/wp\/wp-content\/uploads\/2019\/12\/Pr\u00edloha-\u010d.-2-N\u00e1vrh-Zmluvy-o-dielo.docx\">Pr\u00edloha \u010d. 2 N\u00e1vrh Zmluvy o dielo<\/a><br \/>\n<a href=\"https:\/\/www.dolneplachtince.sk\/wp\/wp-content\/uploads\/2019\/12\/Pr\u00edloha-\u010d.-3-Vyhl\u00e1senie-na-plnenie-krit\u00e9ri\u00ed.docx\">Pr\u00edloha \u010d. 3 Vyhl\u00e1senie na plnenie krit\u00e9ri\u00ed<\/a><br \/>\n<a href=\"https:\/\/www.dolneplachtince.sk\/wp\/wp-content\/uploads\/2019\/12\/Pr\u00edloha-\u010d.-4-\u010cestn\u00e9-vyhl\u00e1senie.docx\">Pr\u00edloha \u010d. 4 \u010cestn\u00e9 vyhl\u00e1senie<\/a><\/p>\n","protected":false},"excerpt":{"rendered":"<p>Zverej\u0148ujeme v\u00fdzvu na predkladanie cenov\u00fdch pon\u00fak v zmysle \u00a7 117 z\u00e1kona \u010d. 343\/2015 Z.z. o verejnom obstar\u00e1van\u00ed. Predmetom z\u00e1kazky je vybudovanie chodn\u00edka &#8222;Doln\u00e9 Plachtince &#8211; chodn\u00edky &#8211; chodn\u00edk F&#8220;. V\u00fdzva na predkladanie pon\u00fak pdf V\u00fdzva na predkladanie pon\u00fak docx Pr\u00edloha \u010d. 1 Projektov\u00e1 dokument\u00e1cia vr\u00e1tane V\u00fdkazu V\u00fdmer Pr\u00edloha \u010d. 2 N\u00e1vrh Zmluvy o dielo Pr\u00edloha \u010d. 3 Vyhl\u00e1senie na plnenie [&#8230;]<\/p>\n","protected":false},"author":2,"featured_media":0,"parent":565,"menu_order":0,"comment_status":"closed","ping_status":"closed","template":"","meta":{"spay_email":"","footnotes":""},"categories":[21,16],"tags":[],"class_list":["post-2284","page","type-page","status-publish","hentry","category-oznamy","category-podnikatel"],"jetpack_sharing_enabled":true,"jetpack-related-posts":[{"id":3217,"url":"https:\/\/www.dolneplachtince.sk\/wp\/viacucelove-sportove-ihrisko-pre-matersku-skolu-dolne-plachtince\/","url_meta":{"origin":2284,"position":0},"title":"Viac\u00fa\u010delov\u00e9 \u0161portov\u00e9 ihrisko pre Matersk\u00fa \u0161kolu Doln\u00e9 Plachtince","date":"13. janu\u00e1ra 2022","format":false,"excerpt":"Zverej\u0148ujeme v\u00fdzvu na predkladanie cenov\u00fdch pon\u00fak v zmysle \u00a7 117 z\u00e1kona \u010d. 343\/2015 Z.z. o verejnom obstar\u00e1van\u00ed. Predmetom z\u00e1kazky je Viac\u00fa\u010delov\u00e9 \u0161portov\u00e9 ihrisko pre Matersk\u00fa \u0161kolu Doln\u00e9 Plachtince. Ihrisko pre D. Plachtince - v\u00fdzva na s\u00fa\u0165a\u017e + 5 pr\u00edloh (pdf) Pr\u00edloha \u010d.1 - cenov\u00e1 ponuka na vyplnenie (docx) Pr\u00edloha \u010d.2\u2026","rel":"","context":"V &quot;PODNIKATE\u013d&quot;","img":{"alt_text":"","src":"","width":0,"height":0},"classes":[]},{"id":1755,"url":"https:\/\/www.dolneplachtince.sk\/wp\/podnikatel\/verejne-sutaze\/vybudovanie-kameroveho-systemu-v-obci-dolne-plachtince\/","url_meta":{"origin":2284,"position":1},"title":"Vybudovanie kamerov\u00e9ho syst\u00e9mu v obci Doln\u00e9 Plachtince","date":"12. septembra 2018","format":false,"excerpt":"Zverej\u0148ujeme v\u00fdzvu na predkladanie cenov\u00fdch pon\u00fak v zmysle \u00a7 117 z\u00e1kona \u010d. 343\/2015 Z.z. o verejnom obstar\u00e1van\u00ed. Predmetom z\u00e1kazky je vybudovanie kamerov\u00e9ho syst\u00e9mu v obci Doln\u00e9 Plachtince. V\u00fdzva na predkladanie cenov\u00fdch pon\u00fak","rel":"","context":"V &quot;Oznamy&quot;","img":{"alt_text":"","src":"","width":0,"height":0},"classes":[]},{"id":1250,"url":"https:\/\/www.dolneplachtince.sk\/wp\/podnikatel\/verejne-sutaze\/viacucelove-sportovisko-dolne-plachtince\/","url_meta":{"origin":2284,"position":2},"title":"Viac\u00fa\u010delov\u00e9 \u0161portovisko Doln\u00e9 Plachtince","date":"15. novembra 2017","format":false,"excerpt":"V\u00fdzva na predlo\u017eenie cenov\u00fdch pon\u00fak Predmet z\u00e1kazky: z\u00e1kazka na uskuto\u010dnenie stavebn\u00fdch pr\u00e1c. Podrobn\u00fd opis predmetu z\u00e1kazky je uveden\u00fd v s\u00fa\u0165a\u017en\u00fdch podkladoch a v ich pr\u00edloh\u00e1ch N\u00e1zov Z\u00e1kazky: Viac\u00fa\u010delov\u00e9 \u0161portovisko Doln\u00e9 Plachtince Lehota na predkladanie cenov\u00fdch pon\u00fak: 27.11.2017 o 10:00 hod. Postup: v zmysle \u00a7 117 z\u00e1kona \u010d. 343\/2015 Z. z.\u2026","rel":"","context":"V &quot;Oznamy&quot;","img":{"alt_text":"","src":"","width":0,"height":0},"classes":[]},{"id":3055,"url":"https:\/\/www.dolneplachtince.sk\/wp\/rekonstrukcia-parkoviska-pri-autobusovej-zastavke\/","url_meta":{"origin":2284,"position":3},"title":"Rekon\u0161trukcia parkoviska pri autobusovej zast\u00e1vke","date":"23. septembra 2021","format":false,"excerpt":"Zverej\u0148ujeme v\u00fdzvu na predkladanie cenov\u00fdch pon\u00fak v zmysle \u00a7 117 z\u00e1kona \u010d. 343\/2015 Z.z. o verejnom obstar\u00e1van\u00ed. Predmetom z\u00e1kazky je Rekon\u0161trukcia parkoviska pri autobusovej zast\u00e1vke v Doln\u00fdch Plachtinciach. V\u00fdzva D. Plachtince parkovisko+5 pr\u00edloh (pdf) Pr\u00edloha 1 - cenov\u00e1 ponuka na vyplnenie (docx) Pr\u00edloha 2 - vyhl\u00e1senie na vyplnenie (docx) Pr\u00edloha\u2026","rel":"","context":"V &quot;PODNIKATE\u013d&quot;","img":{"alt_text":"","src":"","width":0,"height":0},"classes":[]},{"id":1245,"url":"https:\/\/www.dolneplachtince.sk\/wp\/podnikatel\/verejne-sutaze\/rekonstrukcia-nevyuzivaneho-objektu-v-obci-na-podnikatelsku-cinnost\/","url_meta":{"origin":2284,"position":4},"title":"Rekon\u0161trukcia nevyu\u017e\u00edvan\u00e9ho objektu v obci na podnikate\u013esk\u00fa \u010dinnos\u0165","date":"18. j\u00fana 2020","format":false,"excerpt":"Rekon\u0161trukcia nevyu\u017e\u00edvan\u00e9ho objektu v obci na podnikate\u013esk\u00fa \u010dinnos\u0165\u00a0- z\u00e1kazka s n\u00edzkou hodnotou pod\u013ea \u00a7 117 z\u00e1kona NR SR \u010d. 343\/2015 Z. z. o verejnom obstar\u00e1van\u00ed (v\u00fdzva na predlo\u017eenie ponuky zo d\u0148a 18.06.2020) V\u00fdzva zo d\u0148a 18.6. + 5 pr\u00edloh Pr\u00edloha 1 - cenov\u00e1 ponuka Pr\u00edloha 2 - vyhl\u00e1senie Pr\u00edloha 3\u2026","rel":"","context":"V &quot;Oznamy&quot;","img":{"alt_text":"","src":"","width":0,"height":0},"classes":[]},{"id":373,"url":"https:\/\/www.dolneplachtince.sk\/wp\/obec\/zakladne-dokumenty\/uzemny-plan-obce\/","url_meta":{"origin":2284,"position":5},"title":"\u00dazemn\u00fd pl\u00e1n obce","date":"13. marca 2024","format":false,"excerpt":"\u00dazemn\u00fd pl\u00e1n obce\u00a0Doln\u00e9 Plachtince bol schv\u00e1len\u00fd Obecn\u00fdm zastupite\u013estvom v Doln\u00fdch Plachtinciach d\u0148a 14.5.2019, uznesen\u00edm \u010d.11\/2019. Z\u00e1v\u00e4zn\u00e1 \u010das\u0165 \u00fazemn\u00e9ho pl\u00e1nu bola vyhl\u00e1sen\u00e1 v\u0161eobecne z\u00e1v\u00e4zn\u00fdm nariaden\u00edm \u010d. 1\/2019 VZN 1_2019 ktor\u00fdm sa vyhlasuje z\u00e1v\u00e4zn\u00e1 \u010das\u0165 \u00fazemn\u00e9ho pl\u00e1nu. pr\u00edlohy k VZN (pdf): pr\u00edloha \u010d. 1 - textov\u00e1 \u010das\u0165 \u00daPN pr\u00edloha \u010d. 2 -\u2026","rel":"","context":"V &quot;OBEC&quot;","img":{"alt_text":"","src":"","width":0,"height":0},"classes":[]}],"jetpack_likes_enabled":true,"_links":{"self":[{"href":"https:\/\/www.dolneplachtince.sk\/wp\/wp-json\/wp\/v2\/pages\/2284","targetHints":{"allow":["GET"]}}],"collection":[{"href":"https:\/\/www.dolneplachtince.sk\/wp\/wp-json\/wp\/v2\/pages"}],"about":[{"href":"https:\/\/www.dolneplachtince.sk\/wp\/wp-json\/wp\/v2\/types\/page"}],"author":[{"embeddable":true,"href":"https:\/\/www.dolneplachtince.sk\/wp\/wp-json\/wp\/v2\/users\/2"}],"replies":[{"embeddable":true,"href":"https:\/\/www.dolneplachtince.sk\/wp\/wp-json\/wp\/v2\/comments?post=2284"}],"version-history":[{"count":1,"href":"https:\/\/www.dolneplachtince.sk\/wp\/wp-json\/wp\/v2\/pages\/2284\/revisions"}],"predecessor-version":[{"id":2291,"href":"https:\/\/www.dolneplachtince.sk\/wp\/wp-json\/wp\/v2\/pages\/2284\/revisions\/2291"}],"up":[{"embeddable":true,"href":"https:\/\/www.dolneplachtince.sk\/wp\/wp-json\/wp\/v2\/pages\/565"}],"wp:attachment":[{"href":"https:\/\/www.dolneplachtince.sk\/wp\/wp-json\/wp\/v2\/media?parent=2284"}],"wp:term":[{"taxonomy":"category","embeddable":true,"href":"https:\/\/www.dolneplachtince.sk\/wp\/wp-json\/wp\/v2\/categories?post=2284"},{"taxonomy":"post_tag","embeddable":true,"href":"https:\/\/www.dolneplachtince.sk\/wp\/wp-json\/wp\/v2\/tags?post=2284"}],"curies":[{"name":"wp","href":"https:\/\/api.w.org\/{rel}","templated":true}]}}