{"id":362,"date":"2016-11-19T21:54:50","date_gmt":"2016-11-19T19:54:50","guid":{"rendered":"https:\/\/www.dolneplachtince.sk\/wp\/?page_id=362"},"modified":"2023-07-21T08:58:19","modified_gmt":"2023-07-21T07:58:19","slug":"komisie-oz","status":"publish","type":"page","link":"https:\/\/www.dolneplachtince.sk\/wp\/obec\/samosprava\/komisie-oz\/","title":{"rendered":"Komisie OZ"},"content":{"rendered":"<p>Obecn\u00e9 zastupite\u013estvo m\u00f4\u017ee zria\u010fova\u0165 komisie ako svoje st\u00e1le alebo do\u010dasn\u00e9 poradn\u00e9, iniciat\u00edvne a kontroln\u00e9 org\u00e1ny. Komisie s\u00fa zlo\u017een\u00e9 z poslancov a z \u010fal\u0161\u00edch os\u00f4b zvolen\u00fdch obecn\u00fdm zastupite\u013estvom. Uznesen\u00edm II-2\/2022 zo d\u0148a 28.11.2022 boli zriaden\u00e9 nasledovn\u00e9 komisie:<\/p>\n<p><strong>1) Komisia pre ochranu verejn\u00e9ho poriadku, soci\u00e1lnych vec\u00ed, starostlivosti o rodinu a die\u0165a, \u0161kolstva, kult\u00fary a \u0161portu:<\/strong><br \/>\n<strong>predseda komisie:<\/strong> MUDr. Petra Koz\u00e1rov\u00e1<br \/>\n\u010dlen komisie: Mgr. Dana Hrehu\u0161ov\u00e1<br \/>\n\u010dlen komisie: MUDr. Peter \u0160alko<\/p>\n<p><strong>2) Komisia pre ochranu verejn\u00e9ho z\u00e1ujmu, vybavovanie s\u0165a\u017enost\u00ed, financovanie a region\u00e1lny rozvoj:<\/strong><br \/>\n<strong>predseda komisie:<\/strong> Milan O\u010dko<br \/>\n\u010dlen komisie: Ing. Marek Lupt\u00e1k<br \/>\n\u010dlen komisie: Jozef Toldy<\/p>\n","protected":false},"excerpt":{"rendered":"<p>Obecn\u00e9 zastupite\u013estvo m\u00f4\u017ee zria\u010fova\u0165 komisie ako svoje st\u00e1le alebo do\u010dasn\u00e9 poradn\u00e9, iniciat\u00edvne a kontroln\u00e9 org\u00e1ny. Komisie s\u00fa zlo\u017een\u00e9 z poslancov a z \u010fal\u0161\u00edch os\u00f4b zvolen\u00fdch obecn\u00fdm zastupite\u013estvom. Uznesen\u00edm II-2\/2022 zo d\u0148a 28.11.2022 boli zriaden\u00e9 nasledovn\u00e9 komisie: 1) Komisia pre ochranu verejn\u00e9ho poriadku, soci\u00e1lnych vec\u00ed, starostlivosti o rodinu a die\u0165a, \u0161kolstva, kult\u00fary a \u0161portu: predseda komisie: MUDr. Petra Koz\u00e1rov\u00e1 \u010dlen komisie: [&#8230;]<\/p>\n","protected":false},"author":2,"featured_media":0,"parent":340,"menu_order":10350,"comment_status":"closed","ping_status":"closed","template":"","meta":{"spay_email":"","footnotes":""},"categories":[14],"tags":[35,26],"class_list":["post-362","page","type-page","status-publish","hentry","category-obec","tag-komisie","tag-obecne-zastupitelstvo"],"jetpack_sharing_enabled":true,"jetpack-related-posts":[{"id":340,"url":"https:\/\/www.dolneplachtince.sk\/wp\/obec\/samosprava\/","url_meta":{"origin":362,"position":0},"title":"Samospr\u00e1va","date":"23. okt\u00f3bra 2016","format":false,"excerpt":"Obec samostatne rozhoduje a uskuto\u010d\u0148uje v\u0161etky \u00fakony s\u00favisiace so spr\u00e1vou obce a jej majetku, v\u0161etky z\u00e1le\u017eitosti, ktor\u00e9 ako jej samospr\u00e1vnu p\u00f4sobnos\u0165 upravuje osobitn\u00fd z\u00e1kon. Samospr\u00e1vu obce vykon\u00e1vaj\u00fa obyvatelia obce org\u00e1nmi obce, miestnym referendom, zhroma\u017eden\u00edm obyvate\u013eov obce. Org\u00e1nmi obce s\u00fa: obecn\u00e9 zastupite\u013estvo, starosta obce. Obecn\u00e9 zastupite\u013estvo m\u00f4\u017ee zriadi\u0165 a zru\u0161i\u0165 pod\u013ea\u2026","rel":"","context":"V &quot;OBEC&quot;","img":{"alt_text":"","src":"","width":0,"height":0},"classes":[]},{"id":1380,"url":"https:\/\/www.dolneplachtince.sk\/wp\/navstevnik\/podujatia\/tradicna-vinarska-sutaz\/podrobnosti\/","url_meta":{"origin":362,"position":1},"title":"podrobnosti","date":"31. janu\u00e1ra 2025","format":false,"excerpt":"Organiz\u00e1cia s\u00fa\u0165a\u017ee a z\u00e1sady hodnotenia v\u00edn Organiz\u00e1tori s\u00fa\u0165a\u017ee zaeviduj\u00fa prihl\u00e1\u0161ky a doplnia pomocn\u00e9 \u00fadaje.\u00a0 Po ukon\u010den\u00ed pr\u00edjmu vzoriek nasleduje odrodov\u00e9 zoradenie vzoriek v zmysle platn\u00fdch postupov pri odbornej degust\u00e1cii. A\u017e po \u00faplnom zoraden\u00ed sa vzork\u00e1m pridelia tzv. s\u00fa\u0165a\u017en\u00e9 \u010d\u00edsla vzoriek, ktor\u00e9 odpovedaj\u00fa poradiu predkladania odbornej degusta\u010dnej komisii. \u00a0 \u00a0 \u00a0\u2026","rel":"","context":"V &quot;N\u00c1V\u0160TEVN\u00cdK&quot;","img":{"alt_text":"","src":"https:\/\/i0.wp.com\/www.dolneplachtince.sk\/wp\/wp-content\/uploads\/2017\/01\/bodovaci_harok-300x212.png?resize=350%2C200&ssl=1","width":350,"height":200},"classes":[]},{"id":346,"url":"https:\/\/www.dolneplachtince.sk\/wp\/obec\/samosprava\/obecne-zastupitelstvo\/","url_meta":{"origin":362,"position":2},"title":"Obecn\u00e9 zastupite\u013estvo","date":"30. okt\u00f3bra 2022","format":false,"excerpt":"Obecn\u00e9 zastupite\u013estvo: 1. MUDr. Petra Koz\u00e1rov\u00e1 Hlas \u2013 soci\u00e1lna demokracia 2. Milan O\u010dko Hlas \u2013 soci\u00e1lna demokracia 3. Ing. Marek Lupt\u00e1k Hlas \u2013 soci\u00e1lna demokracia 4. Jozef Toldy Hlas \u2013 soci\u00e1lna demokracia 5. MUDr. Peter \u0160alko Hlas \u2013 soci\u00e1lna demokracia 6. Miroslava Sz\u00e9kelyov\u00e1 Hlas \u2013 soci\u00e1lna demokracia 7. Mgr. Dana\u2026","rel":"","context":"V &quot;OBEC&quot;","img":{"alt_text":"","src":"","width":0,"height":0},"classes":[]},{"id":941,"url":"https:\/\/www.dolneplachtince.sk\/wp\/obec\/samosprava\/obecne-zastupitelstvo\/zasadnutia-oz\/","url_meta":{"origin":362,"position":3},"title":"Zasadnutia OZ","date":"4. decembra 2022","format":false,"excerpt":"Obecn\u00e9 zastupite\u013estvo zasad\u00e1 pod\u013ea potreby, spravidla ka\u017ed\u00fd druh\u00fd utorok v mesiaci, minim\u00e1lne raz za 3 mesiace, mimo mesiacov j\u00fal august. Tu n\u00e1jdete pl\u00e1n zasadnut\u00ed, pozv\u00e1nky, program, z\u00e1pisnice, uznesenia a materi\u00e1ly na rokovania OZ: https:\/\/www.dolneplachtince.sk\/zastupitelstvo. Chcete, aby sme na zasadnut\u00ed zastupite\u013estva prebrali nejak\u00fa t\u00e9mu? Nap\u00ed\u0161te n\u00e1m podnet tu: https:\/\/www.dolneplachtince.sk\/zastupitelstvo\/viewforum.php?f=7 Viete, \u017ee?\u2026","rel":"","context":"Podobn\u00fd pr\u00edspevok","img":{"alt_text":"","src":"","width":0,"height":0},"classes":[]},{"id":373,"url":"https:\/\/www.dolneplachtince.sk\/wp\/obec\/zakladne-dokumenty\/uzemny-plan-obce\/","url_meta":{"origin":362,"position":4},"title":"\u00dazemn\u00fd pl\u00e1n obce","date":"13. marca 2024","format":false,"excerpt":"\u00dazemn\u00fd pl\u00e1n obce\u00a0Doln\u00e9 Plachtince bol schv\u00e1len\u00fd Obecn\u00fdm zastupite\u013estvom v Doln\u00fdch Plachtinciach d\u0148a 14.5.2019, uznesen\u00edm \u010d.11\/2019. Z\u00e1v\u00e4zn\u00e1 \u010das\u0165 \u00fazemn\u00e9ho pl\u00e1nu bola vyhl\u00e1sen\u00e1 v\u0161eobecne z\u00e1v\u00e4zn\u00fdm nariaden\u00edm \u010d. 1\/2019 VZN 1_2019 ktor\u00fdm sa vyhlasuje z\u00e1v\u00e4zn\u00e1 \u010das\u0165 \u00fazemn\u00e9ho pl\u00e1nu. pr\u00edlohy k VZN (pdf): pr\u00edloha \u010d. 1 - textov\u00e1 \u010das\u0165 \u00daPN pr\u00edloha \u010d. 2 -\u2026","rel":"","context":"V &quot;OBEC&quot;","img":{"alt_text":"","src":"","width":0,"height":0},"classes":[]},{"id":389,"url":"https:\/\/www.dolneplachtince.sk\/wp\/obec\/zakladne-dokumenty\/rozpocet\/","url_meta":{"origin":362,"position":5},"title":"Rozpo\u010det","date":"29. febru\u00e1ra 2024","format":false,"excerpt":"Obec financuje svoju \u010dinnos\u0165 a potreby z vlastn\u00fdch pr\u00edjmov, zo \u0161t\u00e1tnych dot\u00e1ci\u00ed a in\u00fdch zdrojov v s\u00falade s pr\u00e1vnymi predpismi. Z\u00e1kladom finan\u010dn\u00e9ho hospod\u00e1renia obce je rozpo\u010det obce zostavovan\u00fd v s\u00falade s platnou pr\u00e1vnou \u00fapravou a schva\u013eovan\u00fd Obecn\u00fdm zastupite\u013estvom v Doln\u00fdch Plachtinciach. Obecn\u00e9 zastupite\u013estvo schva\u013euje zmeny rozpo\u010dtu, kontroluje \u010derpanie prostriedkov z\u2026","rel":"","context":"V &quot;OBEC&quot;","img":{"alt_text":"","src":"","width":0,"height":0},"classes":[]}],"jetpack_likes_enabled":true,"_links":{"self":[{"href":"https:\/\/www.dolneplachtince.sk\/wp\/wp-json\/wp\/v2\/pages\/362","targetHints":{"allow":["GET"]}}],"collection":[{"href":"https:\/\/www.dolneplachtince.sk\/wp\/wp-json\/wp\/v2\/pages"}],"about":[{"href":"https:\/\/www.dolneplachtince.sk\/wp\/wp-json\/wp\/v2\/types\/page"}],"author":[{"embeddable":true,"href":"https:\/\/www.dolneplachtince.sk\/wp\/wp-json\/wp\/v2\/users\/2"}],"replies":[{"embeddable":true,"href":"https:\/\/www.dolneplachtince.sk\/wp\/wp-json\/wp\/v2\/comments?post=362"}],"version-history":[{"count":6,"href":"https:\/\/www.dolneplachtince.sk\/wp\/wp-json\/wp\/v2\/pages\/362\/revisions"}],"predecessor-version":[{"id":4112,"href":"https:\/\/www.dolneplachtince.sk\/wp\/wp-json\/wp\/v2\/pages\/362\/revisions\/4112"}],"up":[{"embeddable":true,"href":"https:\/\/www.dolneplachtince.sk\/wp\/wp-json\/wp\/v2\/pages\/340"}],"wp:attachment":[{"href":"https:\/\/www.dolneplachtince.sk\/wp\/wp-json\/wp\/v2\/media?parent=362"}],"wp:term":[{"taxonomy":"category","embeddable":true,"href":"https:\/\/www.dolneplachtince.sk\/wp\/wp-json\/wp\/v2\/categories?post=362"},{"taxonomy":"post_tag","embeddable":true,"href":"https:\/\/www.dolneplachtince.sk\/wp\/wp-json\/wp\/v2\/tags?post=362"}],"curies":[{"name":"wp","href":"https:\/\/api.w.org\/{rel}","templated":true}]}}