{"id":375,"date":"2016-11-19T22:06:34","date_gmt":"2016-11-19T20:06:34","guid":{"rendered":"https:\/\/www.dolneplachtince.sk\/wp\/?page_id=375"},"modified":"2022-11-24T15:38:56","modified_gmt":"2022-11-24T14:38:56","slug":"vzn","status":"publish","type":"page","link":"https:\/\/www.dolneplachtince.sk\/wp\/obec\/zakladne-dokumenty\/vzn\/","title":{"rendered":"VZN"},"content":{"rendered":"<p>Zoznam platn\u00fdch VZN n\u00e1jdete na <a href=\"https:\/\/dolne-plachtince.digitalnemesto.sk\/zverejnovanie\/#dolne-plachtince\/organizacia\/dolneplachtince\/2099\/VZN\">digitalnemesto.sk<\/a>.<\/p>\n<p>N\u00e1vrhy nariaden\u00ed pred schva\u013eovan\u00edm na zasadnut\u00ed OZ n\u00e1jdete na <a href=\"https:\/\/www.dolneplachtince.sk\/wp\/obec\/zakladne-dokumenty\/vzn\/navrhy-vzn\/\">centr\u00e1lnej \u00faradnej elektronickej tabuli (cuet.slovensko.sk).<\/a><\/p>\n<p><em>Viete, \u017ee?<\/em><\/p>\n<blockquote><p>Obec m\u00f4\u017ee vo veciach \u00fazemnej samospr\u00e1vy vyd\u00e1va\u0165 nariadenia; nariadenie nesmie by\u0165 v\u00a0rozpore s\u00a0\u00dastavou Slovenskej republiky, \u00fastavn\u00fdmi z\u00e1konmi, z\u00e1konmi a\u00a0medzin\u00e1rodn\u00fdmi zmluvami, s\u00a0ktor\u00fdmi vyslovila s\u00fahlas N\u00e1rodn\u00e1 rada Slovenskej republiky a\u00a0ktor\u00e9 boli ratifikovan\u00e9 a\u00a0vyhl\u00e1sen\u00e9 sp\u00f4sobom ustanoven\u00fdm z\u00e1konom.<\/p><\/blockquote>\n<p style=\"text-align: right;\">zdroj: <a href=\"https:\/\/www.slov-lex.sk\/pravne-predpisy\/SK\/ZZ\/1990\/369\/\" target=\"_blank\" rel=\"noopener\">\u00a76, ods. 1, z\u00e1kona \u010d. 369\/1990 Zb. o obecnom zriaden\u00ed<\/a><\/p>\n<blockquote><p><strong>V\u0161eobecne z\u00e1v\u00e4zn\u00e9 nariadenie<\/strong>, skratka VZN, je pr\u00e1vna norma vyd\u00e1van\u00e1 org\u00e1nom samospr\u00e1vy vo veciach \u00fazemnej samospr\u00e1vy a prenesenej \u0161t\u00e1tnej spr\u00e1vy, ktor\u00e1 je v\u0161eobecne z\u00e1v\u00e4zn\u00e1 pre v\u0161etky osoby a subjekty p\u00f4sobiace na \u00fazem\u00ed dan\u00e9ho samospr\u00e1vneho celku.<\/p><\/blockquote>\n<p style=\"text-align: right;\">zdroj: <a href=\"https:\/\/sk.wikipedia.org\/wiki\/V%C5%A1eobecne_z%C3%A1v%C3%A4zn%C3%A9_nariadenie\" target=\"_blank\" rel=\"noopener\">Wikipedia.org<\/a><\/p>\n","protected":false},"excerpt":{"rendered":"<p>Zoznam platn\u00fdch VZN n\u00e1jdete na digitalnemesto.sk. N\u00e1vrhy nariaden\u00ed pred schva\u013eovan\u00edm na zasadnut\u00ed OZ n\u00e1jdete na centr\u00e1lnej \u00faradnej elektronickej tabuli (cuet.slovensko.sk). Viete, \u017ee? Obec m\u00f4\u017ee vo veciach \u00fazemnej samospr\u00e1vy vyd\u00e1va\u0165 nariadenia; nariadenie nesmie by\u0165 v\u00a0rozpore s\u00a0\u00dastavou Slovenskej republiky, \u00fastavn\u00fdmi z\u00e1konmi, z\u00e1konmi a\u00a0medzin\u00e1rodn\u00fdmi zmluvami, s\u00a0ktor\u00fdmi vyslovila s\u00fahlas N\u00e1rodn\u00e1 rada Slovenskej republiky a\u00a0ktor\u00e9 boli ratifikovan\u00e9 a\u00a0vyhl\u00e1sen\u00e9 sp\u00f4sobom ustanoven\u00fdm z\u00e1konom. zdroj: \u00a76, ods. 1, [&#8230;]<\/p>\n","protected":false},"author":2,"featured_media":0,"parent":367,"menu_order":10440,"comment_status":"closed","ping_status":"closed","template":"","meta":{"spay_email":"","footnotes":""},"categories":[14],"tags":[44,43],"class_list":["post-375","page","type-page","status-publish","hentry","category-obec","tag-nariadenia","tag-vzn"],"jetpack_sharing_enabled":true,"jetpack-related-posts":[{"id":907,"url":"https:\/\/www.dolneplachtince.sk\/wp\/obec\/zakladne-dokumenty\/vzn\/navrhy-vzn\/","url_meta":{"origin":375,"position":0},"title":"N\u00e1vrhy VZN","date":"21. marca 2022","format":false,"excerpt":"Na tomto mieste m\u00f4\u017eete n\u00e1js\u0165 n\u00e1vrhy nariaden\u00ed pred schva\u013eovan\u00edm, zverejnen\u00e9 na centr\u00e1lnej \u00faradnej elektronickej tabuli (cuet.slovensko.sk). Ak chcete niektor\u00e9 z nariaden\u00ed pripomienkova\u0165, vyu\u017eite e-slu\u017eby DCOM.","rel":"","context":"V &quot;OBEC&quot;","img":{"alt_text":"","src":"","width":0,"height":0},"classes":[]},{"id":373,"url":"https:\/\/www.dolneplachtince.sk\/wp\/obec\/zakladne-dokumenty\/uzemny-plan-obce\/","url_meta":{"origin":375,"position":1},"title":"\u00dazemn\u00fd pl\u00e1n obce","date":"13. marca 2024","format":false,"excerpt":"\u00dazemn\u00fd pl\u00e1n obce\u00a0Doln\u00e9 Plachtince bol schv\u00e1len\u00fd Obecn\u00fdm zastupite\u013estvom v Doln\u00fdch Plachtinciach d\u0148a 14.5.2019, uznesen\u00edm \u010d.11\/2019. Z\u00e1v\u00e4zn\u00e1 \u010das\u0165 \u00fazemn\u00e9ho pl\u00e1nu bola vyhl\u00e1sen\u00e1 v\u0161eobecne z\u00e1v\u00e4zn\u00fdm nariaden\u00edm \u010d. 1\/2019 VZN 1_2019 ktor\u00fdm sa vyhlasuje z\u00e1v\u00e4zn\u00e1 \u010das\u0165 \u00fazemn\u00e9ho pl\u00e1nu. pr\u00edlohy k VZN (pdf): pr\u00edloha \u010d. 1 - textov\u00e1 \u010das\u0165 \u00daPN pr\u00edloha \u010d. 2 -\u2026","rel":"","context":"V &quot;OBEC&quot;","img":{"alt_text":"","src":"","width":0,"height":0},"classes":[]},{"id":151,"url":"https:\/\/www.dolneplachtince.sk\/wp\/obec\/","url_meta":{"origin":375,"position":2},"title":"OBEC","date":"15. m\u00e1ja 2016","format":false,"excerpt":"V z\u00e1lo\u017eke OBEC s\u00fa umiestnen\u00e9 str\u00e1nky, ktor\u00e9 sa svojim obsahom radia do kateg\u00f3rie v\u0161eobecn\u00fdch inform\u00e1ci\u00ed o obci, charakteristick\u00fdch inform\u00e1ci\u00ed o org\u00e1noch obce a z\u00e1kladn\u00fdch dokumentov obce. Pre zobrazenie konkr\u00e9tnych inform\u00e1ci\u00ed z oblasti, ktor\u00e1 v\u00e1s zauj\u00edma, zvo\u013ete pros\u00edm polo\u017eku\u00a0v navig\u00e1cii. Viete, \u017ee? Obec je samostatn\u00fd \u00fazemn\u00fd\u00a0 a spr\u00e1vny celok Slovenskej republiky.\u2026","rel":"","context":"V &quot;OBEC&quot;","img":{"alt_text":"","src":"","width":0,"height":0},"classes":[]},{"id":2042,"url":"https:\/\/www.dolneplachtince.sk\/wp\/schvalovanie-upn\/","url_meta":{"origin":375,"position":3},"title":"Schva\u013eovanie \u00daPN","date":"29. apr\u00edla 2019","format":false,"excerpt":"Obec DOLN\u00c9 PLACHTINCE ako org\u00e1n \u00fazemn\u00e9ho pl\u00e1novania pod\u013ea \u00a7 16 ods. 2) z\u00e1kona \u010d. 50\/1976 Zb. o \u00fazemnom pl\u00e1novan\u00ed a stavebnom poriadku v znen\u00ed neskor\u0161\u00edch predpisov a v s\u00falade s \u00a7 22 ods. 1) citovan\u00e9ho z\u00e1kon oznamuje verejnosti, fyzick\u00fdm a pr\u00e1vnick\u00fdm osob\u00e1m d\u00e1tum schva\u013eovania N\u00e1vrhu \u00dazemn\u00e9ho pl\u00e1nu obce Doln\u00e9 Plachtince,\u2026","rel":"","context":"V &quot;OBEC&quot;","img":{"alt_text":"","src":"","width":0,"height":0},"classes":[]},{"id":343,"url":"https:\/\/www.dolneplachtince.sk\/wp\/obec\/samosprava\/starosta-obce\/","url_meta":{"origin":375,"position":4},"title":"Starosta obce","date":"23. okt\u00f3bra 2016","format":false,"excerpt":"Starosta obce: Bc. Cyril Bart\u00f3k Predstavite\u013eom obce a najvy\u0161\u0161\u00edm v\u00fdkonn\u00fdm org\u00e1nom obce je starosta. Funkcia starostu je verejn\u00e1 funkcia. Starosta rozhoduje vo v\u0161etk\u00fdch veciach spr\u00e1vy obce, ktor\u00e9 nie s\u00fa z\u00e1konom alebo \u0161tat\u00fatom obce vyhraden\u00e9 obecn\u00e9mu zastupite\u013estvu. Vykon\u00e1va obecn\u00fa spr\u00e1vu a zastupuje obec vo vz\u0165ahu k \u0161t\u00e1tnym org\u00e1nom, k pr\u00e1vnick\u00fdm a\u2026","rel":"","context":"V &quot;OBEC&quot;","img":{"alt_text":"","src":"","width":0,"height":0},"classes":[]},{"id":443,"url":"https:\/\/www.dolneplachtince.sk\/wp\/obcan\/cintorin\/","url_meta":{"origin":375,"position":5},"title":"Cintor\u00edn","date":"6. septembra 2024","format":false,"excerpt":"Na \u00fazem\u00ed obce Doln\u00e9 Plachtince sa nach\u00e1dza 1 cintor\u00edn a na \u0148om pohrebisko v intravil\u00e1ne obce, KN C, parcela \u010d.276\/1 o celkovej v\u00fdmere 10054 m2. S\u00fa\u010das\u0165ou cintor\u00edna je aj dom sm\u00fatku, KN C, parcela \u010d. 275 o celkovej v\u00fdmere 165 m2, s\u00fap.\u010d. 440. Spr\u00e1vca cintor\u00edna: Obec Doln\u00e9 Plachtince Zamestnanec poveren\u00fd\u2026","rel":"","context":"V &quot;OB\u010cAN&quot;","img":{"alt_text":"","src":"","width":0,"height":0},"classes":[]}],"jetpack_likes_enabled":true,"_links":{"self":[{"href":"https:\/\/www.dolneplachtince.sk\/wp\/wp-json\/wp\/v2\/pages\/375","targetHints":{"allow":["GET"]}}],"collection":[{"href":"https:\/\/www.dolneplachtince.sk\/wp\/wp-json\/wp\/v2\/pages"}],"about":[{"href":"https:\/\/www.dolneplachtince.sk\/wp\/wp-json\/wp\/v2\/types\/page"}],"author":[{"embeddable":true,"href":"https:\/\/www.dolneplachtince.sk\/wp\/wp-json\/wp\/v2\/users\/2"}],"replies":[{"embeddable":true,"href":"https:\/\/www.dolneplachtince.sk\/wp\/wp-json\/wp\/v2\/comments?post=375"}],"version-history":[{"count":13,"href":"https:\/\/www.dolneplachtince.sk\/wp\/wp-json\/wp\/v2\/pages\/375\/revisions"}],"predecessor-version":[{"id":3656,"href":"https:\/\/www.dolneplachtince.sk\/wp\/wp-json\/wp\/v2\/pages\/375\/revisions\/3656"}],"up":[{"embeddable":true,"href":"https:\/\/www.dolneplachtince.sk\/wp\/wp-json\/wp\/v2\/pages\/367"}],"wp:attachment":[{"href":"https:\/\/www.dolneplachtince.sk\/wp\/wp-json\/wp\/v2\/media?parent=375"}],"wp:term":[{"taxonomy":"category","embeddable":true,"href":"https:\/\/www.dolneplachtince.sk\/wp\/wp-json\/wp\/v2\/categories?post=375"},{"taxonomy":"post_tag","embeddable":true,"href":"https:\/\/www.dolneplachtince.sk\/wp\/wp-json\/wp\/v2\/tags?post=375"}],"curies":[{"name":"wp","href":"https:\/\/api.w.org\/{rel}","templated":true}]}}