{"id":460,"date":"2016-11-19T23:01:01","date_gmt":"2016-11-19T21:01:01","guid":{"rendered":"https:\/\/www.dolneplachtince.sk\/wp\/?page_id=460"},"modified":"2016-11-19T23:01:01","modified_gmt":"2016-11-19T21:01:01","slug":"doprava","status":"publish","type":"page","link":"https:\/\/www.dolneplachtince.sk\/wp\/obcan\/sluzby\/doprava\/","title":{"rendered":"Doprava"},"content":{"rendered":"<p>Obsah tejto str\u00e1nky je v \u0161t\u00e1diu pr\u00edpravy.<\/p>\n","protected":false},"excerpt":{"rendered":"<p>Obsah tejto str\u00e1nky je v \u0161t\u00e1diu pr\u00edpravy.<\/p>\n","protected":false},"author":2,"featured_media":0,"parent":445,"menu_order":21730,"comment_status":"closed","ping_status":"closed","template":"","meta":{"spay_email":"","footnotes":""},"categories":[15],"tags":[82,79],"class_list":["post-460","page","type-page","status-publish","hentry","category-obcan","tag-doprava","tag-sluzby"],"jetpack_sharing_enabled":true,"jetpack-related-posts":[{"id":601,"url":"https:\/\/www.dolneplachtince.sk\/wp\/navstevnik\/sluzby-turistom\/doprava\/","url_meta":{"origin":460,"position":0},"title":"Doprava","date":"20. novembra 2016","format":false,"excerpt":"Obsah tejto str\u00e1nky je v \u0161t\u00e1diu pr\u00edpravy.","rel":"","context":"V &quot;N\u00c1V\u0160TEVN\u00cdK&quot;","img":{"alt_text":"","src":"","width":0,"height":0},"classes":[]},{"id":462,"url":"https:\/\/www.dolneplachtince.sk\/wp\/obcan\/sluzby\/banka\/","url_meta":{"origin":460,"position":1},"title":"Banka","date":"19. novembra 2016","format":false,"excerpt":"Obsah tejto str\u00e1nky je v \u0161t\u00e1diu pr\u00edpravy.","rel":"","context":"V &quot;OB\u010cAN&quot;","img":{"alt_text":"","src":"","width":0,"height":0},"classes":[]},{"id":456,"url":"https:\/\/www.dolneplachtince.sk\/wp\/obcan\/sluzby\/zdravotnicke-zariadenia\/","url_meta":{"origin":460,"position":2},"title":"Zdravotn\u00edcke zariadenia","date":"19. novembra 2016","format":false,"excerpt":"Obsah tejto str\u00e1nky je v \u0161t\u00e1diu pr\u00edpravy.","rel":"","context":"V &quot;OB\u010cAN&quot;","img":{"alt_text":"","src":"","width":0,"height":0},"classes":[]},{"id":466,"url":"https:\/\/www.dolneplachtince.sk\/wp\/obcan\/sluzby\/obchod-a-priemysel\/","url_meta":{"origin":460,"position":3},"title":"Obchod a priemysel","date":"19. novembra 2016","format":false,"excerpt":"Obsah tejto str\u00e1nky je v \u0161t\u00e1diu pr\u00edpravy.","rel":"","context":"V &quot;OB\u010cAN&quot;","img":{"alt_text":"","src":"","width":0,"height":0},"classes":[]},{"id":458,"url":"https:\/\/www.dolneplachtince.sk\/wp\/obcan\/sluzby\/socialne-sluzby\/","url_meta":{"origin":460,"position":4},"title":"Soci\u00e1lne slu\u017eby","date":"28. febru\u00e1ra 2023","format":false,"excerpt":"Obsah tejto str\u00e1nky je v \u0161t\u00e1diu pr\u00edpravy. Priemern\u00e9 be\u017en\u00e9 v\u00fddavky, priemern\u00e9 skuto\u010dne dosiahnut\u00e9 pr\u00edjmy z platenia \u00fahrad za soci\u00e1lnu slu\u017ebu a ekonomicky opr\u00e1vnen\u00e9 n\u00e1klady za soci\u00e1lne slu\u017eby poskytovan\u00e9 Obcou Doln\u00e9 Plachtince v roku 2022 n\u00e1jdete tu.","rel":"","context":"V &quot;OB\u010cAN&quot;","img":{"alt_text":"","src":"","width":0,"height":0},"classes":[]},{"id":475,"url":"https:\/\/www.dolneplachtince.sk\/wp\/obcan\/polnohospodarstvo\/","url_meta":{"origin":460,"position":5},"title":"Po\u013enohospod\u00e1rstvo","date":"19. novembra 2016","format":false,"excerpt":"Obsah tejto str\u00e1nky je v \u0161t\u00e1diu pr\u00edpravy.","rel":"","context":"V &quot;OB\u010cAN&quot;","img":{"alt_text":"","src":"","width":0,"height":0},"classes":[]}],"jetpack_likes_enabled":true,"_links":{"self":[{"href":"https:\/\/www.dolneplachtince.sk\/wp\/wp-json\/wp\/v2\/pages\/460","targetHints":{"allow":["GET"]}}],"collection":[{"href":"https:\/\/www.dolneplachtince.sk\/wp\/wp-json\/wp\/v2\/pages"}],"about":[{"href":"https:\/\/www.dolneplachtince.sk\/wp\/wp-json\/wp\/v2\/types\/page"}],"author":[{"embeddable":true,"href":"https:\/\/www.dolneplachtince.sk\/wp\/wp-json\/wp\/v2\/users\/2"}],"replies":[{"embeddable":true,"href":"https:\/\/www.dolneplachtince.sk\/wp\/wp-json\/wp\/v2\/comments?post=460"}],"version-history":[{"count":1,"href":"https:\/\/www.dolneplachtince.sk\/wp\/wp-json\/wp\/v2\/pages\/460\/revisions"}],"predecessor-version":[{"id":461,"href":"https:\/\/www.dolneplachtince.sk\/wp\/wp-json\/wp\/v2\/pages\/460\/revisions\/461"}],"up":[{"embeddable":true,"href":"https:\/\/www.dolneplachtince.sk\/wp\/wp-json\/wp\/v2\/pages\/445"}],"wp:attachment":[{"href":"https:\/\/www.dolneplachtince.sk\/wp\/wp-json\/wp\/v2\/media?parent=460"}],"wp:term":[{"taxonomy":"category","embeddable":true,"href":"https:\/\/www.dolneplachtince.sk\/wp\/wp-json\/wp\/v2\/categories?post=460"},{"taxonomy":"post_tag","embeddable":true,"href":"https:\/\/www.dolneplachtince.sk\/wp\/wp-json\/wp\/v2\/tags?post=460"}],"curies":[{"name":"wp","href":"https:\/\/api.w.org\/{rel}","templated":true}]}}