{"id":535,"date":"2016-11-19T23:58:40","date_gmt":"2016-11-19T21:58:40","guid":{"rendered":"https:\/\/www.dolneplachtince.sk\/wp\/?page_id=535"},"modified":"2017-08-30T10:07:23","modified_gmt":"2017-08-30T09:07:23","slug":"mimoriadne-situacie","status":"publish","type":"page","link":"https:\/\/www.dolneplachtince.sk\/wp\/obcan\/mimoriadne-situacie\/","title":{"rendered":"Mimoriadne situ\u00e1cie"},"content":{"rendered":"<p>V zozname n\u00e1jdete postupy &#8211; odpor\u00fa\u010dania pre ob\u010danov v pr\u00edpade ohrozen\u00ed\/mimoriadnej udalosti.<\/p>\n<p><a href=\"https:\/\/www.dolneplachtince.sk\/wp\/wp-content\/uploads\/2017\/08\/1Povodne.pdf\" target=\"_blank\">1. Ako postupova\u0165 pri vzniku povodne?<\/a><br \/>\n<a href=\"https:\/\/www.dolneplachtince.sk\/wp\/wp-content\/uploads\/2017\/08\/2Po\u017eiar.pdf\" target=\"_blank\">2. Ako postupova\u0165 pri vzniku po\u017eiaru?<\/a><br \/>\n<a href=\"https:\/\/www.dolneplachtince.sk\/wp\/wp-content\/uploads\/2017\/08\/3V\u00edchrica.pdf\" target=\"_blank\">3. Ako postupova\u0165 pri vzniku v\u00edchrice?<\/a><br \/>\n<a href=\"https:\/\/www.dolneplachtince.sk\/wp\/wp-content\/uploads\/2017\/08\/4NCHL.pdf\" target=\"_blank\">4. Ako postupova\u0165 pri \u00faniku nebezpe\u010dn\u00fdch chemick\u00fdch l\u00e1tok?<\/a><br \/>\n<a href=\"https:\/\/www.dolneplachtince.sk\/wp\/wp-content\/uploads\/2017\/08\/5NBL.pdf\" target=\"_blank\">5. Ako postupova\u0165 pri \u00faniku nebezpe\u010dn\u00fdch biologick\u00fdch l\u00e1tok?<\/a><br \/>\n<a href=\"https:\/\/www.dolneplachtince.sk\/wp\/wp-content\/uploads\/2017\/08\/6NRL.pdf\" target=\"_blank\">6. Ako postupova\u0165 pri \u00faniku r\u00e1dioakt\u00edvnych l\u00e1tok?<\/a><br \/>\n<a href=\"https:\/\/www.dolneplachtince.sk\/wp\/wp-content\/uploads\/2017\/08\/7DNNL.pdf\" target=\"_blank\">7. Ako postupova\u0165 pri dopravnej nehode spojenej s \u00fanikom nebezpe\u010dn\u00fdch l\u00e1tok?<\/a><br \/>\n<a href=\"https:\/\/www.dolneplachtince.sk\/wp\/wp-content\/uploads\/2017\/08\/8Bomba_trhavina....pdf\" target=\"_blank\">8. Ako postupova\u0165 pri ozn\u00e1men\u00ed o ulo\u017een\u00ed bomby, trhaviny, pou\u017eit\u00ed nebezpe\u010dnej l\u00e1tky, a pod.?<\/a><br \/>\n<a href=\"https:\/\/www.dolneplachtince.sk\/wp\/wp-content\/uploads\/2017\/08\/9Z\u00e1sielka.pdf\" target=\"_blank\">9. Ako postupova\u0165 pri obdr\u017ean\u00ed podozrivej z\u00e1sielky (list, bal\u00ed\u010dek\u2026)?<\/a><br \/>\n<a href=\"https:\/\/www.dolneplachtince.sk\/wp\/wp-content\/uploads\/2017\/08\/10Stre\u013eba.pdf\" target=\"_blank\">10. Ako postupova\u0165 pri neopr\u00e1vnenom pou\u017eit\u00ed streln\u00fdch zbran\u00ed (napr. teroristick\u00fd \u00fatok)?<\/a><br \/>\n<a href=\"https:\/\/www.dolneplachtince.sk\/wp\/wp-content\/uploads\/2017\/08\/11Zvery.pdf\" target=\"_blank\">11. Ako postupova\u0165 pri ochoren\u00ed zvierat (epizo\u00f3cie)?<\/a><br \/>\n<a href=\"https:\/\/www.dolneplachtince.sk\/wp\/wp-content\/uploads\/2017\/08\/12Zemetras.pdf\" target=\"_blank\">12. Ako postupova\u0165 v pr\u00edpade zemetrasenia?<\/a><br \/>\n<a href=\"https:\/\/www.dolneplachtince.sk\/wp\/wp-content\/uploads\/2017\/08\/13Sign.pdf\" target=\"_blank\">13. Varovanie obyvate\u013estva<\/a><br \/>\n<a href=\"https:\/\/www.dolneplachtince.sk\/wp\/wp-content\/uploads\/2017\/08\/14SEva.pdf\" target=\"_blank\">14. Ako postupova\u0165 pri samovo\u013enej evaku\u00e1cii?<\/a><br \/>\n<a href=\"https:\/\/www.dolneplachtince.sk\/wp\/wp-content\/uploads\/2017\/08\/15EvaB.pdf\" target=\"_blank\">15. \u010co si vzia\u0165 do evakua\u010dnej bato\u017einy?<\/a><br \/>\n<a href=\"https:\/\/www.dolneplachtince.sk\/wp\/wp-content\/uploads\/2017\/08\/16PIO.pdf\" target=\"_blank\">16. Prostriedky individu\u00e1lnej ochrany<\/a><br \/>\n<a href=\"https:\/\/www.dolneplachtince.sk\/wp\/wp-content\/uploads\/2017\/08\/17Teroristick\u00fd-\u00fatok.pdf\" target=\"_blank\">17. Ako postupova\u0165 pri \u00fatoku teroristov?<\/a><br \/>\n<a href=\"https:\/\/www.dolneplachtince.sk\/wp\/wp-content\/uploads\/2017\/08\/Vysok\u00e9-teploty-pr\u00edvalov\u00e9-da\u017ede-po\u017eiare.pdf\" target=\"_blank\">18. Odpor\u00fa\u010dania pre ob\u010danov v s\u00favislosti s vysok\u00fdmi teplotami<\/a><\/p>\n","protected":false},"excerpt":{"rendered":"<p>V zozname n\u00e1jdete postupy &#8211; odpor\u00fa\u010dania pre ob\u010danov v pr\u00edpade ohrozen\u00ed\/mimoriadnej udalosti. 1. Ako postupova\u0165 pri vzniku povodne? 2. Ako postupova\u0165 pri vzniku po\u017eiaru? 3. Ako postupova\u0165 pri vzniku v\u00edchrice? 4. Ako postupova\u0165 pri \u00faniku nebezpe\u010dn\u00fdch chemick\u00fdch l\u00e1tok? 5. Ako postupova\u0165 pri \u00faniku nebezpe\u010dn\u00fdch biologick\u00fdch l\u00e1tok? 6. Ako postupova\u0165 pri \u00faniku r\u00e1dioakt\u00edvnych l\u00e1tok? 7. Ako postupova\u0165 pri dopravnej nehode spojenej [&#8230;]<\/p>\n","protected":false},"author":2,"featured_media":0,"parent":154,"menu_order":290,"comment_status":"closed","ping_status":"closed","template":"","meta":{"spay_email":"","footnotes":""},"categories":[15],"tags":[123,122,124,121],"class_list":["post-535","page","type-page","status-publish","hentry","category-obcan","tag-civilna-ochrana","tag-co","tag-krizove-riadenie","tag-mimoriadne-situacie"],"jetpack_sharing_enabled":true,"jetpack-related-posts":[{"id":4863,"url":"https:\/\/www.dolneplachtince.sk\/wp\/zasady-hospodarenia-s-majetkom-obce\/","url_meta":{"origin":535,"position":0},"title":"Z\u00e1sady hospod\u00e1renia s majetkom obce","date":"26. okt\u00f3bra 2023","format":false,"excerpt":"Pr\u00e1vny re\u017eim nakladania s obecn\u00fdm majetkom sa l\u00ed\u0161i od re\u017eimu obchodn\u00fdch spolo\u010dnost\u00ed alebo be\u017en\u00fdch fyzick\u00fdch os\u00f4b. Ide toti\u017e o verejn\u00fd statok. Jeho efekt\u00edvne vyu\u017e\u00edvanie a nakladenie s n\u00edm je teda verejn\u00fdm z\u00e1ujmom. Pr\u00e1vnym z\u00e1kladom nakladania s majetkom obc\u00ed s\u00fa z\u00e1kon o obecnom zriaden\u00ed a z\u00e1kon o majetku obc\u00ed. Tieto dva\u2026","rel":"","context":"V &quot;OBEC&quot;","img":{"alt_text":"","src":"","width":0,"height":0},"classes":[]},{"id":5718,"url":"https:\/\/www.dolneplachtince.sk\/wp\/rezervacia-telocvicna\/","url_meta":{"origin":535,"position":1},"title":"Rezerv\u00e1cia telocvi\u010d\u0148a","date":"5. decembra 2025","format":false,"excerpt":"Ak m\u00e1te z\u00e1ujem o vstup do telocvi\u010dne je nutn\u00e9 nav\u0161t\u00edvi\u0165 obecn\u00fd \u00farad za \u00fa\u010delom uzavretia p\u00edsomnej dohody o zodpovednosti a \u00fahrady poplatku za vstup. Poplatok za 1 vstup do telocvi\u010dne 2 hod. za cel\u00fa skupinu je 10 Eur. Postup: Na obecnom \u00farade uzavriete dohodu, dobijete kredit ako uzn\u00e1te za vhodn\u00e9\u2026","rel":"","context":"V &quot;OB\u010cAN&quot;","img":{"alt_text":"","src":"","width":0,"height":0},"classes":[]},{"id":542,"url":"https:\/\/www.dolneplachtince.sk\/wp\/obcan\/mimoriadne-situacie\/co\/","url_meta":{"origin":535,"position":2},"title":"Civiln\u00e1 ochrana","date":"20. novembra 2016","format":false,"excerpt":"Obsah tejto str\u00e1nky je v \u0161t\u00e1diu pr\u00edpravy.","rel":"","context":"V &quot;OB\u010cAN&quot;","img":{"alt_text":"","src":"","width":0,"height":0},"classes":[]},{"id":544,"url":"https:\/\/www.dolneplachtince.sk\/wp\/obcan\/mimoriadne-situacie\/plan-ochrany-obyvatelstva\/","url_meta":{"origin":535,"position":3},"title":"Pl\u00e1n ochrany obyvate\u013estva","date":"20. novembra 2016","format":false,"excerpt":"Obsah tejto str\u00e1nky je v \u0161t\u00e1diu pr\u00edpravy.","rel":"","context":"V &quot;OB\u010cAN&quot;","img":{"alt_text":"","src":"","width":0,"height":0},"classes":[]},{"id":548,"url":"https:\/\/www.dolneplachtince.sk\/wp\/obcan\/mimoriadne-situacie\/poziarny-poriadok\/","url_meta":{"origin":535,"position":4},"title":"Po\u017eiarny poriadok","date":"20. novembra 2016","format":false,"excerpt":"Obsah tejto str\u00e1nky je v \u0161t\u00e1diu pr\u00edpravy.","rel":"","context":"V &quot;OB\u010cAN&quot;","img":{"alt_text":"","src":"","width":0,"height":0},"classes":[]},{"id":546,"url":"https:\/\/www.dolneplachtince.sk\/wp\/obcan\/mimoriadne-situacie\/povodnovy-plan-zachrannych-prac\/","url_meta":{"origin":535,"position":5},"title":"Povod\u0148ov\u00fd pl\u00e1n z\u00e1chrann\u00fdch pr\u00e1c","date":"20. novembra 2016","format":false,"excerpt":"Obsah tejto str\u00e1nky je v \u0161t\u00e1diu pr\u00edpravy.","rel":"","context":"V &quot;OB\u010cAN&quot;","img":{"alt_text":"","src":"","width":0,"height":0},"classes":[]}],"jetpack_likes_enabled":true,"_links":{"self":[{"href":"https:\/\/www.dolneplachtince.sk\/wp\/wp-json\/wp\/v2\/pages\/535","targetHints":{"allow":["GET"]}}],"collection":[{"href":"https:\/\/www.dolneplachtince.sk\/wp\/wp-json\/wp\/v2\/pages"}],"about":[{"href":"https:\/\/www.dolneplachtince.sk\/wp\/wp-json\/wp\/v2\/types\/page"}],"author":[{"embeddable":true,"href":"https:\/\/www.dolneplachtince.sk\/wp\/wp-json\/wp\/v2\/users\/2"}],"replies":[{"embeddable":true,"href":"https:\/\/www.dolneplachtince.sk\/wp\/wp-json\/wp\/v2\/comments?post=535"}],"version-history":[{"count":3,"href":"https:\/\/www.dolneplachtince.sk\/wp\/wp-json\/wp\/v2\/pages\/535\/revisions"}],"predecessor-version":[{"id":1203,"href":"https:\/\/www.dolneplachtince.sk\/wp\/wp-json\/wp\/v2\/pages\/535\/revisions\/1203"}],"up":[{"embeddable":true,"href":"https:\/\/www.dolneplachtince.sk\/wp\/wp-json\/wp\/v2\/pages\/154"}],"wp:attachment":[{"href":"https:\/\/www.dolneplachtince.sk\/wp\/wp-json\/wp\/v2\/media?parent=535"}],"wp:term":[{"taxonomy":"category","embeddable":true,"href":"https:\/\/www.dolneplachtince.sk\/wp\/wp-json\/wp\/v2\/categories?post=535"},{"taxonomy":"post_tag","embeddable":true,"href":"https:\/\/www.dolneplachtince.sk\/wp\/wp-json\/wp\/v2\/tags?post=535"}],"curies":[{"name":"wp","href":"https:\/\/api.w.org\/{rel}","templated":true}]}}