{"id":565,"date":"2016-11-20T00:16:39","date_gmt":"2016-11-19T22:16:39","guid":{"rendered":"https:\/\/www.dolneplachtince.sk\/wp\/?page_id=565"},"modified":"2021-09-23T10:04:02","modified_gmt":"2021-09-23T09:04:02","slug":"verejne-sutaze","status":"publish","type":"page","link":"https:\/\/www.dolneplachtince.sk\/wp\/podnikatel\/verejne-sutaze\/","title":{"rendered":"Verejn\u00e9 s\u00fa\u0165a\u017ee"},"content":{"rendered":"<p><a href=\"https:\/\/www.dolneplachtince.sk\/wp\/podnikatel\/verejne-sutaze\/rekonstrukcia-nevyuzivaneho-objektu-v-obci-na-podnikatelsku-cinnost\/\">Rekon\u0161trukcia nevyu\u017e\u00edvan\u00e9ho objektu v obci na podnikate\u013esk\u00fa \u010dinnos\u0165<\/a><br \/>\n<a href=\"https:\/\/www.dolneplachtince.sk\/wp\/podnikatel\/verejne-sutaze\/vybudovanie-kameroveho-systemu-v-obci-dolne-plachtince\/\">Vybudovanie kamerov\u00e9ho syst\u00e9mu<\/a><br \/>\n<a href=\"https:\/\/www.dolneplachtince.sk\/wp\/rekonstrukcia-parkoviska-pri-autobusovej-zastavke\/\">Rekon\u0161trukcia parkoviska pri autobusovej zast\u00e1vke<\/a><\/p>\n","protected":false},"excerpt":{"rendered":"<p>Rekon\u0161trukcia nevyu\u017e\u00edvan\u00e9ho objektu v obci na podnikate\u013esk\u00fa \u010dinnos\u0165 Vybudovanie kamerov\u00e9ho syst\u00e9mu Rekon\u0161trukcia parkoviska pri autobusovej zast\u00e1vke<\/p>\n","protected":false},"author":2,"featured_media":0,"parent":157,"menu_order":305,"comment_status":"closed","ping_status":"closed","template":"","meta":{"spay_email":"","footnotes":""},"categories":[16],"tags":[127,128],"class_list":["post-565","page","type-page","status-publish","hentry","category-podnikatel","tag-verejne-obstaravanie","tag-vo"],"jetpack_sharing_enabled":true,"jetpack-related-posts":[{"id":1245,"url":"https:\/\/www.dolneplachtince.sk\/wp\/podnikatel\/verejne-sutaze\/rekonstrukcia-nevyuzivaneho-objektu-v-obci-na-podnikatelsku-cinnost\/","url_meta":{"origin":565,"position":0},"title":"Rekon\u0161trukcia nevyu\u017e\u00edvan\u00e9ho objektu v obci na podnikate\u013esk\u00fa \u010dinnos\u0165","date":"18. j\u00fana 2020","format":false,"excerpt":"Rekon\u0161trukcia nevyu\u017e\u00edvan\u00e9ho objektu v obci na podnikate\u013esk\u00fa \u010dinnos\u0165\u00a0- z\u00e1kazka s n\u00edzkou hodnotou pod\u013ea \u00a7 117 z\u00e1kona NR SR \u010d. 343\/2015 Z. z. o verejnom obstar\u00e1van\u00ed (v\u00fdzva na predlo\u017eenie ponuky zo d\u0148a 18.06.2020) V\u00fdzva zo d\u0148a 18.6. + 5 pr\u00edloh Pr\u00edloha 1 - cenov\u00e1 ponuka Pr\u00edloha 2 - vyhl\u00e1senie Pr\u00edloha 3\u2026","rel":"","context":"V &quot;Oznamy&quot;","img":{"alt_text":"","src":"","width":0,"height":0},"classes":[]},{"id":3055,"url":"https:\/\/www.dolneplachtince.sk\/wp\/rekonstrukcia-parkoviska-pri-autobusovej-zastavke\/","url_meta":{"origin":565,"position":1},"title":"Rekon\u0161trukcia parkoviska pri autobusovej zast\u00e1vke","date":"23. septembra 2021","format":false,"excerpt":"Zverej\u0148ujeme v\u00fdzvu na predkladanie cenov\u00fdch pon\u00fak v zmysle \u00a7 117 z\u00e1kona \u010d. 343\/2015 Z.z. o verejnom obstar\u00e1van\u00ed. Predmetom z\u00e1kazky je Rekon\u0161trukcia parkoviska pri autobusovej zast\u00e1vke v Doln\u00fdch Plachtinciach. V\u00fdzva D. Plachtince parkovisko+5 pr\u00edloh (pdf) Pr\u00edloha 1 - cenov\u00e1 ponuka na vyplnenie (docx) Pr\u00edloha 2 - vyhl\u00e1senie na vyplnenie (docx) Pr\u00edloha\u2026","rel":"","context":"V &quot;PODNIKATE\u013d&quot;","img":{"alt_text":"","src":"","width":0,"height":0},"classes":[]},{"id":1755,"url":"https:\/\/www.dolneplachtince.sk\/wp\/podnikatel\/verejne-sutaze\/vybudovanie-kameroveho-systemu-v-obci-dolne-plachtince\/","url_meta":{"origin":565,"position":2},"title":"Vybudovanie kamerov\u00e9ho syst\u00e9mu v obci Doln\u00e9 Plachtince","date":"12. septembra 2018","format":false,"excerpt":"Zverej\u0148ujeme v\u00fdzvu na predkladanie cenov\u00fdch pon\u00fak v zmysle \u00a7 117 z\u00e1kona \u010d. 343\/2015 Z.z. o verejnom obstar\u00e1van\u00ed. Predmetom z\u00e1kazky je vybudovanie kamerov\u00e9ho syst\u00e9mu v obci Doln\u00e9 Plachtince. V\u00fdzva na predkladanie cenov\u00fdch pon\u00fak","rel":"","context":"V &quot;Oznamy&quot;","img":{"alt_text":"","src":"","width":0,"height":0},"classes":[]},{"id":1250,"url":"https:\/\/www.dolneplachtince.sk\/wp\/podnikatel\/verejne-sutaze\/viacucelove-sportovisko-dolne-plachtince\/","url_meta":{"origin":565,"position":3},"title":"Viac\u00fa\u010delov\u00e9 \u0161portovisko Doln\u00e9 Plachtince","date":"15. novembra 2017","format":false,"excerpt":"V\u00fdzva na predlo\u017eenie cenov\u00fdch pon\u00fak Predmet z\u00e1kazky: z\u00e1kazka na uskuto\u010dnenie stavebn\u00fdch pr\u00e1c. Podrobn\u00fd opis predmetu z\u00e1kazky je uveden\u00fd v s\u00fa\u0165a\u017en\u00fdch podkladoch a v ich pr\u00edloh\u00e1ch N\u00e1zov Z\u00e1kazky: Viac\u00fa\u010delov\u00e9 \u0161portovisko Doln\u00e9 Plachtince Lehota na predkladanie cenov\u00fdch pon\u00fak: 27.11.2017 o 10:00 hod. Postup: v zmysle \u00a7 117 z\u00e1kona \u010d. 343\/2015 Z. z.\u2026","rel":"","context":"V &quot;Oznamy&quot;","img":{"alt_text":"","src":"","width":0,"height":0},"classes":[]},{"id":2284,"url":"https:\/\/www.dolneplachtince.sk\/wp\/podnikatel\/verejne-sutaze\/dolne-plachtince-chodniky-chodnik-f\/","url_meta":{"origin":565,"position":4},"title":"Doln\u00e9 Plachtince &#8211; chodn\u00edky &#8211; chodn\u00edk F","date":"18. decembra 2019","format":false,"excerpt":"Zverej\u0148ujeme v\u00fdzvu na predkladanie cenov\u00fdch pon\u00fak v zmysle \u00a7 117 z\u00e1kona \u010d. 343\/2015 Z.z. o verejnom obstar\u00e1van\u00ed. Predmetom z\u00e1kazky je vybudovanie chodn\u00edka \"Doln\u00e9 Plachtince - chodn\u00edky - chodn\u00edk F\". V\u00fdzva na predkladanie pon\u00fak pdf V\u00fdzva na predkladanie pon\u00fak docx Pr\u00edloha \u010d. 1 Projektov\u00e1 dokument\u00e1cia vr\u00e1tane V\u00fdkazu V\u00fdmer Pr\u00edloha \u010d. 2\u2026","rel":"","context":"V &quot;Oznamy&quot;","img":{"alt_text":"","src":"","width":0,"height":0},"classes":[]},{"id":406,"url":"https:\/\/www.dolneplachtince.sk\/wp\/obec\/dotacie\/","url_meta":{"origin":565,"position":5},"title":"Dot\u00e1cie","date":"19. novembra 2016","format":false,"excerpt":"Aktu\u00e1lne sme nezverejnili \u017eiadnu v\u00fdzvu na pod\u00e1vanie \u017eiadost\u00ed o dot\u00e1ciu z rozpo\u010dtu obce. V\u00fdzvu na predkladanie \u017eiadost\u00ed o dot\u00e1ciu z rozpo\u010dtu obec\u00a0zverejn\u00ed v priebehu rozpo\u010dtov\u00e9ho roka s uz\u00e1vierkou spravidla do 30.11. pr\u00edslu\u0161n\u00e9ho roka.","rel":"","context":"V &quot;OBEC&quot;","img":{"alt_text":"","src":"","width":0,"height":0},"classes":[]}],"jetpack_likes_enabled":true,"_links":{"self":[{"href":"https:\/\/www.dolneplachtince.sk\/wp\/wp-json\/wp\/v2\/pages\/565","targetHints":{"allow":["GET"]}}],"collection":[{"href":"https:\/\/www.dolneplachtince.sk\/wp\/wp-json\/wp\/v2\/pages"}],"about":[{"href":"https:\/\/www.dolneplachtince.sk\/wp\/wp-json\/wp\/v2\/types\/page"}],"author":[{"embeddable":true,"href":"https:\/\/www.dolneplachtince.sk\/wp\/wp-json\/wp\/v2\/users\/2"}],"replies":[{"embeddable":true,"href":"https:\/\/www.dolneplachtince.sk\/wp\/wp-json\/wp\/v2\/comments?post=565"}],"version-history":[{"count":7,"href":"https:\/\/www.dolneplachtince.sk\/wp\/wp-json\/wp\/v2\/pages\/565\/revisions"}],"predecessor-version":[{"id":1243,"href":"https:\/\/www.dolneplachtince.sk\/wp\/wp-json\/wp\/v2\/pages\/565\/revisions\/1243"}],"up":[{"embeddable":true,"href":"https:\/\/www.dolneplachtince.sk\/wp\/wp-json\/wp\/v2\/pages\/157"}],"wp:attachment":[{"href":"https:\/\/www.dolneplachtince.sk\/wp\/wp-json\/wp\/v2\/media?parent=565"}],"wp:term":[{"taxonomy":"category","embeddable":true,"href":"https:\/\/www.dolneplachtince.sk\/wp\/wp-json\/wp\/v2\/categories?post=565"},{"taxonomy":"post_tag","embeddable":true,"href":"https:\/\/www.dolneplachtince.sk\/wp\/wp-json\/wp\/v2\/tags?post=565"}],"curies":[{"name":"wp","href":"https:\/\/api.w.org\/{rel}","templated":true}]}}