{"id":5718,"date":"2025-12-05T10:00:13","date_gmt":"2025-12-05T09:00:13","guid":{"rendered":"https:\/\/www.dolneplachtince.sk\/wp\/?page_id=5718"},"modified":"2025-12-05T10:26:47","modified_gmt":"2025-12-05T09:26:47","slug":"rezervacia-telocvicna","status":"publish","type":"page","link":"https:\/\/www.dolneplachtince.sk\/wp\/rezervacia-telocvicna\/","title":{"rendered":"Rezerv\u00e1cia telocvi\u010d\u0148a"},"content":{"rendered":"<p>Ak m\u00e1te z\u00e1ujem o vstup do telocvi\u010dne je nutn\u00e9 nav\u0161t\u00edvi\u0165 obecn\u00fd \u00farad za \u00fa\u010delom uzavretia p\u00edsomnej dohody o zodpovednosti a \u00fahrady poplatku za vstup.<br \/>\nPoplatok za 1 vstup do telocvi\u010dne 2 hod. za cel\u00fa skupinu je 10 Eur.<\/p>\n<p>Postup:<br \/>\nNa obecnom \u00farade uzavriete dohodu, dobijete kredit ako uzn\u00e1te za vhodn\u00e9 a dostanete pr\u00edstupov\u00fd \u010dip.<br \/>\nNa obecnom \u00farade si rezervujete \u010das kedy budete chodi\u0165 do telocvi\u010dne pravidelne, alebo rezerv\u00e1cie urob\u00edte na tejto str\u00e1nke ni\u017e\u0161ie.<br \/>\nRe\u0161pektujte rezerva\u010dn\u00e9 term\u00edny! <\/p>\n<p>Pri vstupe odomknete \u010dipom a z kreditu sa V\u00e1m odpo\u010d\u00edta poplatok. Zostatok V\u00e1m bude potvrden\u00fd SMS.<br \/>\nAk sa zostatok bl\u00ed\u017ei nule, je nutn\u00e9 kredit na obecnom \u00farade dobi\u0165.<br \/>\nPri odchode dvere zamknete prilo\u017een\u00edm \u010dipu ako pri vstupe. Bu\u010fte zodpovedn\u00ed a ubezpe\u010dte sa, \u017ee s\u00fa dvere riadne zamknut\u00e9.<\/p>\n<p>Rezerva\u010dn\u00fd syst\u00e9m:<br \/>\nAk Vami po\u017eadovan\u00fd \u010das nie je zobrazen\u00fd, u\u017e si ho rezervoval niekto in\u00fd a teda, ned\u00e1 sa rezervova\u0165. Vyberte si in\u00fd.<br \/>\n<script type=\"text\/javascript\" src=\"https:\/\/bookio-services-eu.s3.eu-central-1.amazonaws.com\/assets\/widget.bookio.js\"><\/script> <iframe id=\"bookio-iframe\" src=\"https:\/\/services.bookio.com\/mom-obec-dolne-plachtince\/widget?lang=sk\" width=\"100%\" onload=\"initBookioWidget()\" scrolling=\"no\"><\/iframe><\/p>\n","protected":false},"excerpt":{"rendered":"<p>Ak m\u00e1te z\u00e1ujem o vstup do telocvi\u010dne je nutn\u00e9 nav\u0161t\u00edvi\u0165 obecn\u00fd \u00farad za \u00fa\u010delom uzavretia p\u00edsomnej dohody o zodpovednosti a \u00fahrady poplatku za vstup. Poplatok za 1 vstup do telocvi\u010dne 2 hod. za cel\u00fa skupinu je 10 Eur. Postup: Na obecnom \u00farade uzavriete dohodu, dobijete kredit ako uzn\u00e1te za vhodn\u00e9 a dostanete pr\u00edstupov\u00fd \u010dip. Na obecnom \u00farade si rezervujete \u010das [&#8230;]<\/p>\n","protected":false},"author":2,"featured_media":0,"parent":0,"menu_order":0,"comment_status":"closed","ping_status":"closed","template":"","meta":{"spay_email":"","footnotes":""},"categories":[15],"tags":[],"class_list":["post-5718","page","type-page","status-publish","hentry","category-obcan"],"jetpack_sharing_enabled":true,"jetpack-related-posts":[{"id":4726,"url":"https:\/\/www.dolneplachtince.sk\/wp\/uzatvaranie-najomnych-zmluv-cintorin\/","url_meta":{"origin":5718,"position":0},"title":"Uzatv\u00e1ranie n\u00e1jomn\u00fdch zml\u00fav &#8211; cintor\u00edn","date":"6. septembra 2024","format":false,"excerpt":"Obec Doln\u00e9 Plachtince V\u00e1m ako prev\u00e1dzkovate\u013e pohrebiska oznamuje, \u017ee na Obecnom \u00farade v\u00a0Doln\u00fdch Plachtinciach sa uzatv\u00e1raj\u00fa n\u00e1jomn\u00e9 zmluvy na hrobov\u00e9 miesta. Ak u\u017e\u00edvate hrobov\u00e9 miesto na cintor\u00edne v obci Doln\u00e9 Plachtince a e\u0161te nem\u00e1te uzatvoren\u00fa n\u00e1jomn\u00fa zmluvu za hrobov\u00e9 miesto, poz\u00fdvame V\u00e1s na osobn\u00e9 stretnutie, ktor\u00e9ho predmetom bude uzavretie n\u00e1jomnej\u2026","rel":"","context":"V &quot;OB\u010cAN&quot;","img":{"alt_text":"","src":"","width":0,"height":0},"classes":[]},{"id":483,"url":"https:\/\/www.dolneplachtince.sk\/wp\/obcan\/cirkev\/","url_meta":{"origin":5718,"position":1},"title":"Cirkev","date":"17. apr\u00edla 2021","format":false,"excerpt":"R\u00edmskokatol\u00edcka cirkev Farnos\u0165 Doln\u00e9 Plachtince 991 24 Doln\u00e9 Plachtince 177 Telef\u00f3n:\u00a0047\/483 01 64 E-mail:\u00a0dolne.plachtince@fara.sk Fili\u00e1lky: Horn\u00e9 Plachtince Plachtinsk\u00e9 Lazy Pr\u00edbelce Stredn\u00e9 Plachtince Spr\u00e1vca farnosti:\u00a0Mgr. Ladislav Deset Rozloha farnosti:\u00a068,45 km2 \u00a0 Na z\u00e1klade Covid \u2013 automatu bud\u00fa od pondelka 20. 9 2021\u00a0 povolen\u00e9 verejn\u00e9 bohoslu\u017eby s nasleduj\u00facimi podmienkami: \u00a0 nede\u013ea: 9:00\u2026","rel":"","context":"V &quot;OB\u010cAN&quot;","img":{"alt_text":"","src":"https:\/\/i0.wp.com\/www.dolneplachtince.sk\/wp\/wp-content\/uploads\/2018\/11\/Obr\u00e1zok-277-150x150.jpg?resize=350%2C200&ssl=1","width":350,"height":200},"classes":[]},{"id":941,"url":"https:\/\/www.dolneplachtince.sk\/wp\/obec\/samosprava\/obecne-zastupitelstvo\/zasadnutia-oz\/","url_meta":{"origin":5718,"position":2},"title":"Zasadnutia OZ","date":"4. decembra 2022","format":false,"excerpt":"Obecn\u00e9 zastupite\u013estvo zasad\u00e1 pod\u013ea potreby, spravidla ka\u017ed\u00fd druh\u00fd utorok v mesiaci, minim\u00e1lne raz za 3 mesiace, mimo mesiacov j\u00fal august. Tu n\u00e1jdete pl\u00e1n zasadnut\u00ed, pozv\u00e1nky, program, z\u00e1pisnice, uznesenia a materi\u00e1ly na rokovania OZ: https:\/\/www.dolneplachtince.sk\/zastupitelstvo. Chcete, aby sme na zasadnut\u00ed zastupite\u013estva prebrali nejak\u00fa t\u00e9mu? Nap\u00ed\u0161te n\u00e1m podnet tu: https:\/\/www.dolneplachtince.sk\/zastupitelstvo\/viewforum.php?f=7 Viete, \u017ee?\u2026","rel":"","context":"Podobn\u00fd pr\u00edspevok","img":{"alt_text":"","src":"","width":0,"height":0},"classes":[]},{"id":1255,"url":"https:\/\/www.dolneplachtince.sk\/wp\/obec\/zakladne-dokumenty\/uzemny-plan-obce\/zadanie-up\/","url_meta":{"origin":5718,"position":3},"title":"Zadanie \u00daP","date":"10. novembra 2017","format":false,"excerpt":"Verejn\u00fd oznam \u00a0Obec DOLN\u00c9 PLACHTINCE ako org\u00e1n \u00fazemn\u00e9ho pl\u00e1novania pod\u013ea \u00a7 16 \u00a0ods. 2) z\u00e1kona \u010d. 50\/1976 Zb. o\u00a0\u00fazemnom pl\u00e1novan\u00ed a\u00a0stavebnom poriadku v\u00a0znen\u00ed neskor\u0161\u00edch predpisov a\u00a0v\u00a0s\u00falade s \u00a7 20 ods. 3) citovan\u00e9ho z\u00e1kona oznamuje verejnosti, fyzick\u00fdm a\u00a0pr\u00e1vnick\u00fdm osob\u00e1m prerokovanie Zadania pre \u00dazemn\u00fd pl\u00e1n obce Doln\u00e9 Plachtince, ktor\u00e9 sa uskuto\u010dn\u00ed v\u00a0\u010dase\u2026","rel":"","context":"V &quot;OBEC&quot;","img":{"alt_text":"","src":"","width":0,"height":0},"classes":[]},{"id":3531,"url":"https:\/\/www.dolneplachtince.sk\/wp\/navrh-zmien-a-doplnkov-c-1-uzemneho-planu\/","url_meta":{"origin":5718,"position":4},"title":"N\u00e1vrh zmien a doplnkov \u010d. 1 \u00fazemn\u00e9ho pl\u00e1nu","date":"30. septembra 2022","format":false,"excerpt":"Verejn\u00fd oznam Obec DOLN\u00c9 PLACHTINCE ako org\u00e1n \u00fazemn\u00e9ho pl\u00e1novania pod\u013ea \u00a7 16 \u00a0ods. 2) z\u00e1kona \u010d. 50\/1976 Zb. o\u00a0\u00fazemnom pl\u00e1novan\u00ed a\u00a0stavebnom poriadku v\u00a0znen\u00ed neskor\u0161\u00edch predpisov a\u00a0v\u00a0s\u00falade s \u00a7 22 ods. 1) \u00a0a \u00a7 31 citovan\u00e9ho z\u00e1kona oznamuje verejnosti, fyzick\u00fdm a\u00a0pr\u00e1vnick\u00fdm osob\u00e1m prerokovanie Zmien a\u00a0doplnkov \u010d. 1 \u00dazemn\u00e9ho pl\u00e1nu obce Doln\u00e9\u2026","rel":"","context":"V &quot;OBEC&quot;","img":{"alt_text":"","src":"","width":0,"height":0},"classes":[]},{"id":2042,"url":"https:\/\/www.dolneplachtince.sk\/wp\/schvalovanie-upn\/","url_meta":{"origin":5718,"position":5},"title":"Schva\u013eovanie \u00daPN","date":"29. apr\u00edla 2019","format":false,"excerpt":"Obec DOLN\u00c9 PLACHTINCE ako org\u00e1n \u00fazemn\u00e9ho pl\u00e1novania pod\u013ea \u00a7 16 ods. 2) z\u00e1kona \u010d. 50\/1976 Zb. o \u00fazemnom pl\u00e1novan\u00ed a stavebnom poriadku v znen\u00ed neskor\u0161\u00edch predpisov a v s\u00falade s \u00a7 22 ods. 1) citovan\u00e9ho z\u00e1kon oznamuje verejnosti, fyzick\u00fdm a pr\u00e1vnick\u00fdm osob\u00e1m d\u00e1tum schva\u013eovania N\u00e1vrhu \u00dazemn\u00e9ho pl\u00e1nu obce Doln\u00e9 Plachtince,\u2026","rel":"","context":"V &quot;OBEC&quot;","img":{"alt_text":"","src":"","width":0,"height":0},"classes":[]}],"jetpack_likes_enabled":true,"_links":{"self":[{"href":"https:\/\/www.dolneplachtince.sk\/wp\/wp-json\/wp\/v2\/pages\/5718","targetHints":{"allow":["GET"]}}],"collection":[{"href":"https:\/\/www.dolneplachtince.sk\/wp\/wp-json\/wp\/v2\/pages"}],"about":[{"href":"https:\/\/www.dolneplachtince.sk\/wp\/wp-json\/wp\/v2\/types\/page"}],"author":[{"embeddable":true,"href":"https:\/\/www.dolneplachtince.sk\/wp\/wp-json\/wp\/v2\/users\/2"}],"replies":[{"embeddable":true,"href":"https:\/\/www.dolneplachtince.sk\/wp\/wp-json\/wp\/v2\/comments?post=5718"}],"version-history":[{"count":5,"href":"https:\/\/www.dolneplachtince.sk\/wp\/wp-json\/wp\/v2\/pages\/5718\/revisions"}],"predecessor-version":[{"id":5724,"href":"https:\/\/www.dolneplachtince.sk\/wp\/wp-json\/wp\/v2\/pages\/5718\/revisions\/5724"}],"wp:attachment":[{"href":"https:\/\/www.dolneplachtince.sk\/wp\/wp-json\/wp\/v2\/media?parent=5718"}],"wp:term":[{"taxonomy":"category","embeddable":true,"href":"https:\/\/www.dolneplachtince.sk\/wp\/wp-json\/wp\/v2\/categories?post=5718"},{"taxonomy":"post_tag","embeddable":true,"href":"https:\/\/www.dolneplachtince.sk\/wp\/wp-json\/wp\/v2\/tags?post=5718"}],"curies":[{"name":"wp","href":"https:\/\/api.w.org\/{rel}","templated":true}]}}