{"id":595,"date":"2016-11-20T01:06:48","date_gmt":"2016-11-19T23:06:48","guid":{"rendered":"https:\/\/www.dolneplachtince.sk\/wp\/?page_id=595"},"modified":"2016-11-20T01:26:01","modified_gmt":"2016-11-19T23:26:01","slug":"gastronomia","status":"publish","type":"page","link":"https:\/\/www.dolneplachtince.sk\/wp\/navstevnik\/sluzby-turistom\/gastronomia\/","title":{"rendered":"Gastron\u00f3mia"},"content":{"rendered":"<p>Obsah tejto str\u00e1nky je v \u0161t\u00e1diu pr\u00edpravy.<\/p>\n","protected":false},"excerpt":{"rendered":"<p>Obsah tejto str\u00e1nky je v \u0161t\u00e1diu pr\u00edpravy.<\/p>\n","protected":false},"author":2,"featured_media":0,"parent":589,"menu_order":41230,"comment_status":"closed","ping_status":"closed","template":"","meta":{"spay_email":"","footnotes":""},"categories":[17],"tags":[160],"class_list":["post-595","page","type-page","status-publish","hentry","category-navstevnik","tag-gastronomia"],"jetpack_sharing_enabled":true,"jetpack-related-posts":[{"id":581,"url":"https:\/\/www.dolneplachtince.sk\/wp\/navstevnik\/pamatihodnosti\/","url_meta":{"origin":595,"position":0},"title":"Pam\u00e4tihodnosti","date":"20. novembra 2016","format":false,"excerpt":"Obsah tejto str\u00e1nky je v \u0161t\u00e1diu pr\u00edpravy.","rel":"","context":"V &quot;N\u00c1V\u0160TEVN\u00cdK&quot;","img":{"alt_text":"","src":"","width":0,"height":0},"classes":[]},{"id":603,"url":"https:\/\/www.dolneplachtince.sk\/wp\/navstevnik\/fotogaleria\/","url_meta":{"origin":595,"position":1},"title":"Fotogal\u00e9ria","date":"20. novembra 2016","format":false,"excerpt":"Obsah tejto str\u00e1nky je v \u0161t\u00e1diu pr\u00edpravy.","rel":"","context":"V &quot;N\u00c1V\u0160TEVN\u00cdK&quot;","img":{"alt_text":"","src":"","width":0,"height":0},"classes":[]},{"id":573,"url":"https:\/\/www.dolneplachtince.sk\/wp\/navstevnik\/historia\/","url_meta":{"origin":595,"position":2},"title":"Hist\u00f3ria obce","date":"20. novembra 2016","format":false,"excerpt":"Obsah tejto str\u00e1nky je v \u0161t\u00e1diu pr\u00edpravy.","rel":"","context":"V &quot;N\u00c1V\u0160TEVN\u00cdK&quot;","img":{"alt_text":"","src":"","width":0,"height":0},"classes":[]},{"id":589,"url":"https:\/\/www.dolneplachtince.sk\/wp\/navstevnik\/sluzby-turistom\/","url_meta":{"origin":595,"position":3},"title":"Slu\u017eby turistom","date":"20. novembra 2016","format":false,"excerpt":"Obsah tejto str\u00e1nky je v \u0161t\u00e1diu pr\u00edpravy.","rel":"","context":"V &quot;N\u00c1V\u0160TEVN\u00cdK&quot;","img":{"alt_text":"","src":"","width":0,"height":0},"classes":[]},{"id":605,"url":"https:\/\/www.dolneplachtince.sk\/wp\/navstevnik\/sluzby-turistom\/obchod\/","url_meta":{"origin":595,"position":4},"title":"Obchod","date":"20. novembra 2016","format":false,"excerpt":"Obsah tejto str\u00e1nky je v \u0161t\u00e1diu pr\u00edpravy.","rel":"","context":"V &quot;N\u00c1V\u0160TEVN\u00cdK&quot;","img":{"alt_text":"","src":"","width":0,"height":0},"classes":[]},{"id":599,"url":"https:\/\/www.dolneplachtince.sk\/wp\/navstevnik\/sluzby-turistom\/lekar\/","url_meta":{"origin":595,"position":5},"title":"Lek\u00e1r","date":"20. novembra 2016","format":false,"excerpt":"Obsah tejto str\u00e1nky je v \u0161t\u00e1diu pr\u00edpravy.","rel":"","context":"V &quot;N\u00c1V\u0160TEVN\u00cdK&quot;","img":{"alt_text":"","src":"","width":0,"height":0},"classes":[]}],"jetpack_likes_enabled":true,"_links":{"self":[{"href":"https:\/\/www.dolneplachtince.sk\/wp\/wp-json\/wp\/v2\/pages\/595","targetHints":{"allow":["GET"]}}],"collection":[{"href":"https:\/\/www.dolneplachtince.sk\/wp\/wp-json\/wp\/v2\/pages"}],"about":[{"href":"https:\/\/www.dolneplachtince.sk\/wp\/wp-json\/wp\/v2\/types\/page"}],"author":[{"embeddable":true,"href":"https:\/\/www.dolneplachtince.sk\/wp\/wp-json\/wp\/v2\/users\/2"}],"replies":[{"embeddable":true,"href":"https:\/\/www.dolneplachtince.sk\/wp\/wp-json\/wp\/v2\/comments?post=595"}],"version-history":[{"count":1,"href":"https:\/\/www.dolneplachtince.sk\/wp\/wp-json\/wp\/v2\/pages\/595\/revisions"}],"predecessor-version":[{"id":596,"href":"https:\/\/www.dolneplachtince.sk\/wp\/wp-json\/wp\/v2\/pages\/595\/revisions\/596"}],"up":[{"embeddable":true,"href":"https:\/\/www.dolneplachtince.sk\/wp\/wp-json\/wp\/v2\/pages\/589"}],"wp:attachment":[{"href":"https:\/\/www.dolneplachtince.sk\/wp\/wp-json\/wp\/v2\/media?parent=595"}],"wp:term":[{"taxonomy":"category","embeddable":true,"href":"https:\/\/www.dolneplachtince.sk\/wp\/wp-json\/wp\/v2\/categories?post=595"},{"taxonomy":"post_tag","embeddable":true,"href":"https:\/\/www.dolneplachtince.sk\/wp\/wp-json\/wp\/v2\/tags?post=595"}],"curies":[{"name":"wp","href":"https:\/\/api.w.org\/{rel}","templated":true}]}}